{"id":7397,"date":"2025-01-16T18:19:00","date_gmt":"2025-01-16T18:19:00","guid":{"rendered":"https:\/\/www.cretan-gastronomy.com\/?page_id=7397"},"modified":"2025-02-02T16:33:51","modified_gmt":"2025-02-02T16:33:51","slug":"privacy-policy","status":"publish","type":"page","link":"https:\/\/www.cretan-gastronomy.com\/de\/privacy-policy\/","title":{"rendered":"Datenschutzbestimmungen"},"content":{"rendered":"<h2 class=\"wp-block-heading\">Datenschutzbestimmungen<\/h2>\n\n\n\n<p><em>Zuletzt aktualisiert am 25. Januar 2025<\/em><\/p>\n\n\n\n<p>Das <strong>Datenschutzbestimmungen<\/strong> beschreibt die Richtlinien von<\/p>\n\n\n\n<p><strong>Ethimo Kretische Gastronomie<\/strong>,<br>50 Andrea Papandreou Amoudara,<br>71414 Heraklion, Kreta<br>Griechenland<br>E-Mail: <a href=\"mailto:info@cretan-gastronomy.com\">info@cretan-gastronomy.com<\/a>\u00a0 <br>Telefon: <a href=\"tel:+302810372700\">+302810372700<\/a><\/p>\n\n\n\n<p>\u00fcber die Erhebung, Nutzung und Weitergabe Ihrer Daten, die wir bei der Nutzung unserer Website erheben (<a href=\"https:\/\/www.cretan-gastronomy.com\/de\/\">https:\/\/www.cretan-gastronomy.com<\/a>). (der \u201eDienst\u201c). Indem Sie auf den Dienst zugreifen oder ihn nutzen, stimmen Sie der Erfassung, Verwendung und Offenlegung Ihrer Daten gem\u00e4\u00df dieser Datenschutzrichtlinie zu. Wenn Sie damit nicht einverstanden sind, greifen Sie bitte nicht auf den Dienst zu und nutzen Sie ihn nicht.<\/p>\n\n\n\n<p>Wir k\u00f6nnen diese Datenschutzrichtlinie jederzeit und ohne vorherige Ank\u00fcndigung \u00e4ndern und werden die \u00fcberarbeitete Datenschutzrichtlinie im Dienst ver\u00f6ffentlichen. Die \u00fcberarbeitete Richtlinie tritt 180 Tage nach Ver\u00f6ffentlichung im Dienst in Kraft. Ihr fortgesetzter Zugriff oder Ihre fortgesetzte Nutzung des Dienstes nach diesem Zeitpunkt gilt als Zustimmung zur \u00fcberarbeiteten Datenschutzrichtlinie. Wir empfehlen Ihnen daher, diese Seite regelm\u00e4\u00dfig zu \u00fcberpr\u00fcfen.<\/p>\n\n\n\n<p><strong>Von uns erfasste Informationen:<\/strong><\/p>\n\n\n\n<p>Wir erheben und verarbeiten die folgenden personenbezogenen Daten \u00fcber Sie:<\/p>\n\n\n\n<ol class=\"wp-block-list\">\n<li>\n<ol class=\"wp-block-list\">\n<li>Name<\/li>\n\n\n\n<li>E-Mail<\/li>\n<\/ol>\n<\/li>\n\n\n\n<li>\u00a0<\/li>\n\n\n\n<li><strong>So verwenden wir Ihre Daten:<\/strong><\/li>\n<\/ol>\n\n\n\n<p>Wir verwenden die \u00fcber Sie gesammelten Informationen f\u00fcr die folgenden Zwecke:<\/p>\n\n\n\n<ol class=\"wp-block-list\">\n<li>\n<ol class=\"wp-block-list\">\n<li>Marketing\/Werbung<\/li>\n\n\n\n<li>Referenzen<\/li>\n\n\n\n<li>Erfassung von Kundenfeedback<\/li>\n\n\n\n<li>Zahlungsabwicklung<\/li>\n\n\n\n<li>Site-Schutz<\/li>\n<\/ol>\n<\/li>\n<\/ol>\n\n\n\n<p>Wenn wir Ihre Daten zu anderen Zwecken verwenden m\u00f6chten, bitten wir Sie um Ihre Einwilligung und verwenden Ihre Daten nur nach Erhalt Ihrer Einwilligung und dann nur f\u00fcr die Zwecke, f\u00fcr die Sie Ihre Einwilligung erteilt haben, es sei denn, wir sind gesetzlich zu einer anderen Vorgehensweise verpflichtet.<\/p>\n\n\n\n<p><strong>So geben wir Ihre Informationen weiter:<\/strong><\/p>\n\n\n\n<p>Wir geben Ihre personenbezogenen Daten nicht ohne Ihre Zustimmung an Dritte weiter, au\u00dfer in den nachstehend beschriebenen begrenzten F\u00e4llen:<\/p>\n\n\n\n<ol class=\"wp-block-list\">\n<li>\n<ol class=\"wp-block-list\">\n<li>Anzeigenservice<\/li>\n\n\n\n<li>Analyse<\/li>\n<\/ol>\n<\/li>\n<\/ol>\n\n\n\n<p>Wir verlangen von diesen Dritten, dass sie die von uns an sie \u00fcbermittelten personenbezogenen Daten nur zu dem Zweck verwenden, zu dem sie \u00fcbermittelt wurden, und sie nicht l\u00e4nger aufbewahren, als es zur Erf\u00fcllung des besagten Zwecks erforderlich ist.<\/p>\n\n\n\n<p>Wir k\u00f6nnen Ihre personenbezogenen Daten auch zu folgenden Zwecken weitergeben: (1) zur Einhaltung geltender Gesetze, Vorschriften, Gerichtsbeschl\u00fcsse oder anderer Rechtsverfahren; (2) zur Durchsetzung Ihrer Vereinbarungen mit uns, einschlie\u00dflich dieser Datenschutzrichtlinie; oder (3) als Reaktion auf Behauptungen, dass Ihre Nutzung des Dienstes Rechte Dritter verletzt. Sollte der Dienst oder unser Unternehmen von einem anderen Unternehmen fusionieren oder \u00fcbernommen werden, geh\u00f6ren Ihre Daten zu den Verm\u00f6genswerten, die an den neuen Eigent\u00fcmer \u00fcbertragen werden.<\/p>\n\n\n\n<p><strong>Aufbewahrung Ihrer Daten:<\/strong><\/p>\n\n\n\n<p>Wir speichern Ihre personenbezogenen Daten f\u00fcr 90 Tage bis zwei Jahre nach Inaktivit\u00e4t Ihrer Benutzerkonten oder so lange, wie wir sie zur Erf\u00fcllung der in dieser Datenschutzrichtlinie beschriebenen Zwecke ben\u00f6tigen. Wir m\u00fcssen bestimmte Informationen m\u00f6glicherweise l\u00e4nger aufbewahren, beispielsweise zur Dokumentation\/Berichterstattung gem\u00e4\u00df geltendem Recht oder aus anderen legitimen Gr\u00fcnden wie der Durchsetzung gesetzlicher Rechte, der Betrugspr\u00e4vention usw. Verbleibende anonyme Informationen und aggregierte Informationen, die Sie weder direkt noch indirekt identifizieren, k\u00f6nnen unbegrenzt gespeichert werden.<\/p>\n\n\n\n<p><strong>Ihre Rechte:<\/strong><\/p>\n\n\n\n<p>Je nach geltendem Recht haben Sie m\u00f6glicherweise das Recht auf Zugriff und Berichtigung oder L\u00f6schung Ihrer personenbezogenen Daten, auf Erhalt einer Kopie Ihrer personenbezogenen Daten, auf Einschr\u00e4nkung oder Widerspruch gegen die aktive Verarbeitung Ihrer Daten, auf die Aufforderung zur Weitergabe (Portierung) Ihrer personenbezogenen Daten an eine andere Stelle, auf den Widerruf Ihrer Einwilligung zur Verarbeitung Ihrer Daten, auf Beschwerde bei einer Aufsichtsbeh\u00f6rde sowie auf weitere Rechte, die nach geltendem Recht relevant sind. Um diese Rechte auszu\u00fcben, k\u00f6nnen Sie uns schreiben an:<br><a href=\"mailto:info@cretan-gastronomy.com\">\u00a0<a href=\"mailto:info@cretan-gastronomy.com\">info@cretan-gastronomy.com<\/a><\/a><\/p>\n\n\n\n<p>Wir werden Ihre Anfrage gem\u00e4\u00df geltendem Recht beantworten.<\/p>\n\n\n\n<p>Sie k\u00f6nnen sich von Direktmarketing-Mitteilungen oder der Profilerstellung, die wir zu Marketingzwecken durchf\u00fchren, abmelden, indem Sie uns unter folgender Adresse schreiben:\u00a0<a href=\"mailto:info@cretan-gastronomy.com\"><a href=\"mailto:info@alsusboutiquehotel.com\">info@cretan-gastronomy.com<\/a><\/a>\u00a0<\/p>\n\n\n\n<p>Bitte beachten Sie: Wenn Sie uns nicht gestatten, die erforderlichen personenbezogenen Daten zu erfassen oder zu verarbeiten, oder wenn Sie die Zustimmung zur Verarbeitung derselben f\u00fcr die erforderlichen Zwecke widerrufen, k\u00f6nnen Sie m\u00f6glicherweise nicht auf die Dienste zugreifen oder diese nutzen, f\u00fcr die Ihre Daten angefordert wurden.<\/p>\n\n\n\n<p><strong>Cookies usw.<\/strong><\/p>\n\n\n\n<p>Um mehr dar\u00fcber zu erfahren, wie wir diese verwenden und welche M\u00f6glichkeiten Sie in Bezug auf diese Tracking-<br>Technologien finden Sie in unserer\u00a0<a href=\"https:\/\/www.cretan-gastronomy.com\/de\/cookies-policy\/\">Cookie-Richtlinie<\/a><\/p>\n\n\n\n<p><strong>Sicherheit:<\/strong><\/p>\n\n\n\n<p>Die Sicherheit Ihrer Daten ist uns wichtig. Wir ergreifen angemessene Sicherheitsma\u00dfnahmen, um den Verlust, Missbrauch oder die unbefugte \u00c4nderung Ihrer Daten in unserem Besitz zu verhindern. Aufgrund der damit verbundenen Risiken k\u00f6nnen wir jedoch keine absolute Sicherheit garantieren. Daher k\u00f6nnen wir die Sicherheit der von Ihnen an uns \u00fcbermittelten Daten nicht gew\u00e4hrleisten oder garantieren. Sie \u00fcbermitteln Ihre Daten auf eigenes Risiko.<\/p>\n\n\n\n<p><strong>Beschwerde-\/Datenschutzbeauftragter:<\/strong><\/p>\n\n\n\n<p>Wenn Sie Fragen oder Bedenken hinsichtlich der Verarbeitung Ihrer bei uns verf\u00fcgbaren Informationen haben, k\u00f6nnen Sie sich per E-Mail an unseren Beschwerdebeauftragten wenden unter<\/p>\n\n\n\n<p>Alsus Boutique Hotel,<br>50 Andrea Papandreou Amoudara, Heraklion,<br>E-Mail:\u00a0<a href=\"mailto:info@cretan-gastronomy.com\">info@cretan-gastronomy.com<\/a><\/p>\n\n\n\n<p>Wir werden Ihre Anliegen im Einklang mit dem geltenden Recht bearbeiten<\/p>\n\n\n<p>&nbsp;<\/p>","protected":false},"excerpt":{"rendered":"<p>Privacy Policy Last Updated On 25-Jan-2025 This Privacy Policy describes the policies of Ethimo Cretan Gastronomy,50 Andrea Papandreou Amoudara,71414 Heraklion, CreteGreeceemail: info@cretan-gastronomy.com\u00a0 phone: +302810372700 on the collection, use and disclosure of your information that we collect when you use our website (https:\/\/www.cretan-gastronomy.com). (the \u201cService\u201d). By accessing or using the Service, you are consenting to the [&hellip;]<\/p>\n","protected":false},"author":1,"featured_media":0,"parent":0,"menu_order":0,"comment_status":"closed","ping_status":"closed","template":"","meta":{"footnotes":""},"class_list":["post-7397","page","type-page","status-publish","hentry"],"_links":{"self":[{"href":"https:\/\/www.cretan-gastronomy.com\/de\/wp-json\/wp\/v2\/pages\/7397","targetHints":{"allow":["GET"]}}],"collection":[{"href":"https:\/\/www.cretan-gastronomy.com\/de\/wp-json\/wp\/v2\/pages"}],"about":[{"href":"https:\/\/www.cretan-gastronomy.com\/de\/wp-json\/wp\/v2\/types\/page"}],"author":[{"embeddable":true,"href":"https:\/\/www.cretan-gastronomy.com\/de\/wp-json\/wp\/v2\/users\/1"}],"replies":[{"embeddable":true,"href":"https:\/\/www.cretan-gastronomy.com\/de\/wp-json\/wp\/v2\/comments?post=7397"}],"version-history":[{"count":0,"href":"https:\/\/www.cretan-gastronomy.com\/de\/wp-json\/wp\/v2\/pages\/7397\/revisions"}],"wp:attachment":[{"href":"https:\/\/www.cretan-gastronomy.com\/de\/wp-json\/wp\/v2\/media?parent=7397"}],"curies":[{"name":"wp","href":"https:\/\/api.w.org\/{rel}","templated":true}]}}