{"id":7503,"date":"2025-02-02T16:25:20","date_gmt":"2025-02-02T16:25:20","guid":{"rendered":"https:\/\/www.cretan-gastronomy.com\/?page_id=7503"},"modified":"2025-02-02T18:02:54","modified_gmt":"2025-02-02T18:02:54","slug":"cookies-policy","status":"publish","type":"page","link":"https:\/\/www.cretan-gastronomy.com\/de\/cookies-policy\/","title":{"rendered":"Cookies-Politik"},"content":{"rendered":"<h2 class=\"wp-block-heading\">Cookies-Politik<\/h2>\n\n\n\n<p><em>Zuletzt aktualisiert am 19. Dezember 2024<\/em><\/p>\n\n\n\n<p><strong>Cookies-Politik<\/strong>&nbsp;von <strong>ETHIMO Kretisches Gastronomie-RESTAURANT<\/strong>,<br>50 Andrea Papandreou Amoudara, Heraklion,<br>Kreta<br>71414,<br>Griechenland,<br>E-Mail: <a href=\"mailto:info@cretan-gastonomy.com\">info@cretan-gastonomy.com<\/a>,<br>Telefon: +302810372700<\/p>\n\n\n\n<p>Diese Cookie-Richtlinie informiert \u00fcber die Verwendung von Cookies und \u00e4hnlichen Technologien auf der Website des Hotels. Sie beschreibt au\u00dferdem, welche Wahlm\u00f6glichkeiten Sie in Bezug auf Cookies und \u00e4hnliche Technologien haben.<\/p>\n\n\n\n<p>Diese Cookie-Richtlinie ist Bestandteil der Nutzungsbedingungen der Website und kann von Zeit zu Zeit ge\u00e4ndert werden. Wir empfehlen Ihnen, die Cookie-Richtlinie regelm\u00e4\u00dfig zu pr\u00fcfen, um \u00fcber etwaige \u00c4nderungen informiert zu sein. Hinweise auf wesentliche \u00c4nderungen k\u00f6nnen auch auf der Website erscheinen. Mit Ihrem Besuch der Website erkl\u00e4ren Sie sich mit allen \u00c4nderungen dieser Richtlinie einverstanden.<\/p>\n\n\n\n<p><strong>Was sind Cookies?<\/strong><\/p>\n\n\n\n<p>Cookies sind kleine Textdateien \u2013 in der Regel bestehend aus Buchstaben und Zahlen \u2013 die von einem Webserver auf Ihrem Ger\u00e4t gespeichert werden.<\/p>\n\n\n\n<p>Cookies werden je nach ihrer Verweildauer auf Ihrem Ger\u00e4t in \u201eSession-Cookies\u201c und \u201ePermanente Cookies\u201c unterteilt. \u201eSession-Cookies\u201c werden beim Besuch der Website auf Ihrem Ger\u00e4t gespeichert und nach dem Schlie\u00dfen Ihres Browsers automatisch gel\u00f6scht. \u201ePermanente Cookies\u201c werden beim Besuch der Website auf Ihrem Ger\u00e4t gespeichert und bleiben auch nach dem Schlie\u00dfen Ihres Browsers gespeichert. \u201ePermanente Cookies\u201c werden automatisch wieder aktiviert, wenn Sie Ihren Browser \u00f6ffnen und im Internet surfen.<\/p>\n\n\n\n<p>Erstanbieter- und Drittanbieter-Cookies \u2013 Je nach Website oder Domain, die das Cookie installiert, werden Cookies als \u201eErstanbieter-\u201c oder \u201eDrittanbieter-Cookies\u201c bezeichnet. Erstanbieter-Cookies sind im Allgemeinen Cookies, die von der vom Nutzer besuchten Website installiert werden \u2013 der Website, die im URL-Fenster angezeigt wird. Drittanbieter-Cookies sind Cookies, die von einer anderen Website (Domain) als der vom Nutzer besuchten installiert werden. Wenn der Nutzer eine Website besucht und ein anderes Unternehmen \u00fcber diese Website ein Cookie installiert, handelt es sich um ein Drittanbieter-Cookie.<\/p>\n\n\n\n<p><strong>Warum wir Cookies verwenden<\/strong><\/p>\n\n\n\n<p>Wir verwenden Cookies, um Ihnen das bestm\u00f6gliche Surferlebnis zu erm\u00f6glichen. Einige Cookies sind technisch notwendig f\u00fcr die ordnungsgem\u00e4\u00dfe Nutzung der Website. Andere Cookies werden verwendet, um Funktionen wie Werbung und Statistiken auszuf\u00fchren (z. B. wie viele Besucher bestimmte Seiten unserer Website aufgerufen haben).<\/p>\n\n\n\n<p>Wir und\/oder Dritte, die in unserem Namen Dienste erbringen, kategorisieren Cookies wie unten beschrieben.<\/p>\n\n\n\n<p>Unbedingt erforderliche Cookies<\/p>\n\n\n\n<p>Diese Cookies sind unbedingt erforderlich, um Ihnen die von Ihnen \u00fcber die Website angeforderten Dienste bereitzustellen. Sie sind notwendig, damit Sie unsere Website besuchen und ihre Funktionen korrekt nutzen k\u00f6nnen. Grundlegende Funktionen wie die folgenden basieren auf diesen wichtigen Cookies:<\/p>\n\n\n\n<p>Um auf der Website angemeldet zu bleiben,<\/p>\n\n\n\n<p>o Identifizierung Ihrer pers\u00f6nlichen Daten, die Sie zum Zeitpunkt Ihrer Transaktionen auf der Website eingeben,<\/p>\n\n\n\n<p>o Um die Sicherheit Ihrer Transaktionen durch Ihre Weiterleitung zu Zahlungsanwendungen von Drittanbietern und Ihre R\u00fcckkehr zur Website zu sch\u00fctzen, um die Transaktion abzuschlie\u00dfen,<\/p>\n\n\n\n<p>o Informationen \u00fcber Ihre Transaktion nach deren Abschluss abrufen und<\/p>\n\n\n\n<p>o Im Allgemeinen, um Ihnen auf Ihre Anfrage hin Dienstleistungen und Informationen bereitzustellen<\/p>\n\n\n\n<p>Funktionscookies<\/p>\n\n\n\n<p>Diese Cookies helfen uns, unsere Inhalte f\u00fcr Sie zu personalisieren, Sie mit Ihrem Namen anzusprechen und Ihre Pr\u00e4ferenzen (z. B. Ihre Sprach- oder Regionswahl) zu speichern. Wenn Sie Funktions-Cookies l\u00f6schen\/deaktivieren, bleiben Ihre Pr\u00e4ferenzen\/Einstellungen f\u00fcr Ihre n\u00e4chsten Besuche auf der Website nicht erhalten.<\/p>\n\n\n\n<p>Leistungs-Cookies<\/p>\n\n\n\n<p>Diese Cookies sammeln Informationen dar\u00fcber, wie Benutzer die Website nutzen, um die Website und das Besuchererlebnis \u00fcberpr\u00fcfen und verbessern zu k\u00f6nnen. Diese Cookies sammeln keine Informationen, die den Besucher identifizieren.<\/p>\n\n\n\n<p>Solche Cookies sammeln Informationen \u00fcber:<\/p>\n\n\n\n<p>Seiten, die die Leute am h\u00e4ufigsten besuchen,<br>Von Benutzern ausgew\u00e4hlte Links,<br>Fehlermeldungen, die Benutzer beim Durchsuchen der Website usw. erhalten k\u00f6nnen.<\/p>\n\n\n\n<p>Cookies von Drittanbietern \/ Marketing<\/p>\n\n\n\n<p>Um Ihnen interessantere Inhalte zu bieten und Ihnen die Interaktion mit Ihren Social-Media-Konten zu erleichtern, kann die Website Inhalte und Dienste Dritter (z. B. \u201ePlugins\u201c von Facebook, Twitter, YouTube, Instagram, Pinterest usw.) oder Links zu Websites Dritter enthalten. Wenn Sie Links und\/oder Websites Dritter besuchen, unterliegen Sie deren Cookie-Richtlinien. In diesem Fall handeln Sie nach eigenem Ermessen, und wir \u00fcbernehmen keinerlei Verantwortung f\u00fcr etwaige Probleme, die sich aus der Speicherung von Cookies auf Ihrem Ger\u00e4t durch die Website des Dritten ergeben.<\/p>\n\n\n\n<p>Auf unseren Webseiten kommen folgende Softwaretools von Drittanbietern zum Einsatz:<br>\u2022 Google Analytics \u2013 Verfolgung des Website-Verhaltens und von Statistiken.<br>\u2022 Google Ads \/ Bindg Ads \u2013 f\u00fcr gesponserte Eintr\u00e4ge auf den Ergebnisseiten von Suchmaschinen.<br>\u2022 Facebook-Retargeting \u2013 Verfolgung, welche Webseiten Sie aufrufen und welche Anzeigen Sie sehen.<br>\u2022 Instagram-Retargeting \u2013 Verfolgen, welche Webseiten Sie ansehen und welche Anzeigen Sie sehen.<\/p>\n\n\n\n<p><strong>So kontrollieren Sie Cookies<\/strong><\/p>\n\n\n\n<p>Die meisten Internetbrowser akzeptieren Cookies automatisch, bieten aber Kontrollm\u00f6glichkeiten, mit denen Sie Cookies blockieren oder l\u00f6schen k\u00f6nnen. Sie k\u00f6nnen die Installation von Cookies auf Ihrem Ger\u00e4t jederzeit in den Einstellungen Ihres Browsers aktivieren oder deaktivieren. Sie k\u00f6nnen Ihren Browser auch so konfigurieren, dass Sie vor der Installation eines Cookies informiert werden oder den Anweisungen Ihres Browsers folgen, um bereits installierte Cookies zu l\u00f6schen. Wenn Sie mehrere Ger\u00e4te nutzen, m\u00fcssen Sie Ihr Browsersystem auf jedem Ihrer Ger\u00e4te entsprechend Ihren W\u00fcnschen einrichten.<\/p>\n\n\n\n<p>Wenn Sie sich daf\u00fcr entscheiden, alle Cookies zu deaktivieren, k\u00f6nnen Sie die interaktiven Funktionen unserer Website m\u00f6glicherweise nicht vollst\u00e4ndig nutzen oder unsere Dienste \u00fcber unsere Website in Anspruch nehmen.<\/p>\n\n\n\n<p>Durch das L\u00f6schen von Cookies werden Flash-Anwendungsobjekte nicht gel\u00f6scht. Weitere Informationen zu Flash-Anwendungsobjekten, einschlie\u00dflich deren Steuerung und Deaktivierung, finden Sie auf der Adobe-Website. Weitere Informationen zu Cookies und \u00e4hnlichen Technologien, die auf verschiedenen Websites verwendet werden, finden Sie in Ihrem Browser oder \u00fcber andere Internetressourcen.<\/p>\n\n\n\n<p>Um Cookies \u00fcber Ihren Browser zu verwalten, w\u00e4hlen Sie die folgenden Hyperlinks aus, um zu den Anweisungen Ihres Browsers weitergeleitet zu werden:<\/p>\n\n\n\n<p>Microsoft Windows Explorer<br>Mozilla Firefox<br>Google Chrome<br>Apple Safari<\/p>\n\n\n\n<p>Auf den folgenden Websites von Drittanbietern k\u00f6nnen Sie mehr \u00fcber Cookies erfahren:<\/p>\n\n\n\n<p>Alles \u00fcber Cookies:&nbsp;<a href=\"https:\/\/www.allaboutcookies.org\/\" target=\"_blank\" rel=\"noreferrer noopener\">https:\/\/www.allaboutcookies.org\/<\/a><br>Cookiepedia:&nbsp;<a href=\"https:\/\/cookiepedia.co.uk\/\" target=\"_blank\" rel=\"noreferrer noopener\">https:\/\/cookiepedia.co.uk\/<\/a><\/p>\n\n\n\n<p><strong>Was sind \u00e4hnliche Technologien?<\/strong><\/p>\n\n\n\n<p>Pixel-Tags, Web Beacons, eingebettete Skripte und Clear GIFs sind winzige Dateien, die zur Verfolgung der Navigation auf einer Webseite verwendet werden und zusammen mit Cookies eingesetzt werden k\u00f6nnen. Flash-Objekte (Local Shared Objects) sind kleine Dateien, die von einer Webseite, die die Flash Player-Technologie von Adobe verwendet, auf Ihrem Ger\u00e4t gespeichert werden.<\/p>\n\n\n\n<p>Web Beacons und eingebettete Skripte<\/p>\n\n\n\n<p>Web Beacons und eingebettete Skripte sind weitere Technologien, die wir auf unserer Website sowie in bestimmten E-Mails und Anzeigen verwenden.<\/p>\n\n\n\n<p>Web Beacons (oder \u201eTags\u201c) sind Teile von Programmcode, die in Webseiten, E-Mails und Anzeigen enthalten sind und uns und\/oder Drittanbietern, die in unserem Namen Dienste bereitstellen, mitteilen, wann diese Webseiten, E-Mails oder Anzeigen angesehen oder ausgew\u00e4hlt wurden.<\/p>\n\n\n\n<p>Wir nutzen diese Informationen, um unsere Website zu verbessern, sie Ihren Interessen anzupassen und Marktforschung zu betreiben. Sie k\u00f6nnen solche Code-Funktionen wie JavaScript in Ihrem Browser deaktivieren (siehe Hilfefunktion Ihres Browsers). Beachten Sie, dass die Website m\u00f6glicherweise nicht ordnungsgem\u00e4\u00df funktioniert, wenn Sie Code-Funktionen deaktivieren.<\/p>\n\n\n\n<p><strong>Datenschutz<\/strong><\/p>\n\n\n\n<p>Wir verpflichten uns zu guten Datenschutzpraktiken. Weitere Informationen zu unserem Datenschutz finden Sie in unserer&nbsp;<a href=\"https:\/\/www.cretan-gastronomy.com\/de\/privacy-policy\/\" data-type=\"page\" data-id=\"7397\">Datenschutzbestimmungen<\/a>.<\/p>\n\n\n\n<p>Beschwerde-\/Datenschutzbeauftragter: Wenn Sie Fragen oder Bedenken hinsichtlich der Verarbeitung Ihrer bei uns verf\u00fcgbaren Informationen haben, k\u00f6nnen Sie eine E-Mail an unseren Beschwerdebeauftragten senden:<br><br>ETHOMO Kretische Gastronomie,<br>50 Andrea Papandreou Amoudara, Heraklion,<br>E-Mail:\u00a0<a href=\"mailto:info@cretan-gastronomy.com\">info@cretan-gastronomy.com<\/a><br><br>Wir werden Ihr Anliegen im Einklang mit dem geltenden Recht bearbeiten.<\/p>\n\n\n<p>&nbsp;<\/p>","protected":false},"excerpt":{"rendered":"<p>Cookies Policy Last Updated On 19-Dec-2024 Cookies Policy&nbsp;of ETHIMO Cretan Gastronomy RESTAURANT,50 Andrea Papandreou Amoudara, Heraklion,Crete71414,Greece,email: info@cretan-gastonomy.com,phone: +302810372700 This Cookies Policy provides information regarding the use of Cookies and Similar Technologies by the hotel\u2019s website. It also describes what kind of choices you may have regarding Cookies and Similar Technologies. This Cookie Policy is part [&hellip;]<\/p>\n","protected":false},"author":2,"featured_media":0,"parent":0,"menu_order":0,"comment_status":"closed","ping_status":"closed","template":"","meta":{"footnotes":""},"class_list":["post-7503","page","type-page","status-publish","hentry"],"_links":{"self":[{"href":"https:\/\/www.cretan-gastronomy.com\/de\/wp-json\/wp\/v2\/pages\/7503","targetHints":{"allow":["GET"]}}],"collection":[{"href":"https:\/\/www.cretan-gastronomy.com\/de\/wp-json\/wp\/v2\/pages"}],"about":[{"href":"https:\/\/www.cretan-gastronomy.com\/de\/wp-json\/wp\/v2\/types\/page"}],"author":[{"embeddable":true,"href":"https:\/\/www.cretan-gastronomy.com\/de\/wp-json\/wp\/v2\/users\/2"}],"replies":[{"embeddable":true,"href":"https:\/\/www.cretan-gastronomy.com\/de\/wp-json\/wp\/v2\/comments?post=7503"}],"version-history":[{"count":0,"href":"https:\/\/www.cretan-gastronomy.com\/de\/wp-json\/wp\/v2\/pages\/7503\/revisions"}],"wp:attachment":[{"href":"https:\/\/www.cretan-gastronomy.com\/de\/wp-json\/wp\/v2\/media?parent=7503"}],"curies":[{"name":"wp","href":"https:\/\/api.w.org\/{rel}","templated":true}]}}