{"id":4091,"date":"2023-11-08T07:29:17","date_gmt":"2023-11-08T07:29:17","guid":{"rendered":"https:\/\/demo.7iquid.tech\/basilico\/luxury\/?page_id=4091"},"modified":"2023-11-08T07:29:17","modified_gmt":"2023-11-08T07:29:17","slug":"faqs","status":"publish","type":"page","link":"https:\/\/www.cretan-gastronomy.com\/es\/faqs\/","title":{"rendered":"Preguntas frecuentes"},"content":{"rendered":"<div data-elementor-type=\"wp-page\" data-elementor-id=\"4091\" class=\"elementor elementor-4091\">\n\t\t\t\t        <section class=\"elementor-section elementor-top-section elementor-element elementor-element-4020022 elementor-section-boxed elementor-section-height-default elementor-section-height-default pxl-section-static-pos-no pxl-section-overflow-hidden-no\" data-id=\"4020022\" data-element_type=\"section\" data-e-type=\"section\">\n\n                \n                <div class=\"elementor-container elementor-column-gap-default\">\n                <div class=\"elementor-column elementor-col-100 elementor-top-column elementor-element elementor-element-c72a562 pxl-column-element-default pxl-column-fullwidth-no\" data-id=\"c72a562\" data-element_type=\"column\" data-e-type=\"column\">\r\n        <div class=\"elementor-widget-wrap elementor-element-populated\">\r\n                    \t\t<div class=\"elementor-element elementor-element-54cb2d6 elementor-widget elementor-widget-pxl_accordion\" data-id=\"54cb2d6\" data-element_type=\"widget\" data-e-type=\"widget\" data-widget_type=\"pxl_accordion.default\">\n\t\t\t\t<div class=\"elementor-widget-container\">\n\t\t\t\t\t<div id=\"pxl_accordion-54cb2d6-8130\" class=\"pxl-accordion style1\">\n            <div class=\"pxl-ac-item elementor-repeater-item-245a61e active\">\n            <div class=\"pxl-ac-title active\" data-target=\"#245a61epxl_accordion-54cb2d6-8130\">\n                <span class=\"pxl-ac-title-text\">\u00bfC\u00f3mo hago una reserva?<\/span>\n            <\/div>\n            <div id=\"245a61epxl_accordion-54cb2d6-8130\" class=\"pxl-ac-content\" style=\"display:block;\">\n                <div class=\"pxl-ac-content-inner\">\n                    <p>Solo aceptamos reservas en l\u00ednea a trav\u00e9s de nuestro diario de reservas. Al finalizar la reserva, recibir\u00e1 un correo electr\u00f3nico de confirmaci\u00f3n con informaci\u00f3n \u00fatil sobre su visita. Si no recibe el correo electr\u00f3nico de confirmaci\u00f3n en 24 horas, p\u00f3ngase en contacto directamente con el restaurante para que podamos confirmar que su reserva est\u00e1 en nuestro sistema.<\/p><p>Para grupos de m\u00e1s de 6 personas, llame directamente al restaurante al (+44) 1434 681232 donde alguien podr\u00e1 explicarle las opciones disponibles para grupos m\u00e1s grandes.<\/p>                <\/div>\n            <\/div>\n        <\/div>\n                <div class=\"pxl-ac-item elementor-repeater-item-058d8f6\">\n            <div class=\"pxl-ac-title\" data-target=\"#058d8f6pxl_accordion-54cb2d6-8130\">\n                <span class=\"pxl-ac-title-text\">\u00bfCu\u00e1l es su pol\u00edtica de cancelaci\u00f3n?<\/span>\n            <\/div>\n            <div id=\"058d8f6pxl_accordion-54cb2d6-8130\" class=\"pxl-ac-content\">\n                <div class=\"pxl-ac-content-inner\">\n                    <p>Solo aceptamos reservas en l\u00ednea a trav\u00e9s de nuestro diario de reservas. Al finalizar la reserva, recibir\u00e1 un correo electr\u00f3nico de confirmaci\u00f3n con informaci\u00f3n \u00fatil sobre su visita. Si no recibe el correo electr\u00f3nico de confirmaci\u00f3n en 24 horas, p\u00f3ngase en contacto directamente con el restaurante para que podamos confirmar que su reserva est\u00e1 en nuestro sistema.<\/p><p>Para grupos de m\u00e1s de 6 personas, llame directamente al restaurante al (+44) 1434 681232 donde alguien podr\u00e1 explicarle las opciones disponibles para grupos m\u00e1s grandes.<\/p>                <\/div>\n            <\/div>\n        <\/div>\n                <div class=\"pxl-ac-item elementor-repeater-item-73eb793\">\n            <div class=\"pxl-ac-title\" data-target=\"#73eb793pxl_accordion-54cb2d6-8130\">\n                <span class=\"pxl-ac-title-text\">\u00bfQu\u00e9 tipo de comida se sirve en el bas\u00edlico?<\/span>\n            <\/div>\n            <div id=\"73eb793pxl_accordion-54cb2d6-8130\" class=\"pxl-ac-content\">\n                <div class=\"pxl-ac-content-inner\">\n                    <p>Solo aceptamos reservas en l\u00ednea a trav\u00e9s de nuestro diario de reservas. Al finalizar la reserva, recibir\u00e1 un correo electr\u00f3nico de confirmaci\u00f3n con informaci\u00f3n \u00fatil sobre su visita. Si no recibe el correo electr\u00f3nico de confirmaci\u00f3n en 24 horas, p\u00f3ngase en contacto directamente con el restaurante para que podamos confirmar que su reserva est\u00e1 en nuestro sistema.<\/p><p>Para grupos de m\u00e1s de 6 personas, llame directamente al restaurante al (+44) 1434 681232 donde alguien podr\u00e1 explicarle las opciones disponibles para grupos m\u00e1s grandes.<\/p>                <\/div>\n            <\/div>\n        <\/div>\n                <div class=\"pxl-ac-item elementor-repeater-item-cec79e3\">\n            <div class=\"pxl-ac-title\" data-target=\"#cec79e3pxl_accordion-54cb2d6-8130\">\n                <span class=\"pxl-ac-title-text\">\u00bfAtienden requisitos diet\u00e9ticos especiales?<\/span>\n            <\/div>\n            <div id=\"cec79e3pxl_accordion-54cb2d6-8130\" class=\"pxl-ac-content\">\n                <div class=\"pxl-ac-content-inner\">\n                    <p>Solo aceptamos reservas en l\u00ednea a trav\u00e9s de nuestro diario de reservas. Al finalizar la reserva, recibir\u00e1 un correo electr\u00f3nico de confirmaci\u00f3n con informaci\u00f3n \u00fatil sobre su visita. Si no recibe el correo electr\u00f3nico de confirmaci\u00f3n en las 24 horas siguientes a la reserva, p\u00f3ngase en contacto directamente con el restaurante para que podamos asegurarnos de que su reserva est\u00e9 en nuestro sistema. Para grupos de m\u00e1s de 6 personas, llame directamente al restaurante al (+44) 1434 681232, donde le informaremos sobre las opciones disponibles para grupos m\u00e1s grandes.<\/p>                <\/div>\n            <\/div>\n        <\/div>\n                <div class=\"pxl-ac-item elementor-repeater-item-2ad60db\">\n            <div class=\"pxl-ac-title\" data-target=\"#2ad60dbpxl_accordion-54cb2d6-8130\">\n                <span class=\"pxl-ac-title-text\">\u00bfNecesito reservar un taxi con antelaci\u00f3n?<\/span>\n            <\/div>\n            <div id=\"2ad60dbpxl_accordion-54cb2d6-8130\" class=\"pxl-ac-content\">\n                <div class=\"pxl-ac-content-inner\">\n                    <p>Solo aceptamos reservas en l\u00ednea a trav\u00e9s de nuestro diario de reservas. Al finalizar la reserva, recibir\u00e1 un correo electr\u00f3nico de confirmaci\u00f3n con informaci\u00f3n \u00fatil sobre su visita. Si no recibe el correo electr\u00f3nico de confirmaci\u00f3n en las 24 horas siguientes a la reserva, p\u00f3ngase en contacto directamente con el restaurante para que podamos asegurarnos de que su reserva est\u00e9 en nuestro sistema. Para grupos de m\u00e1s de 6 personas, llame directamente al restaurante al (+44) 1434 681232, donde le informaremos sobre las opciones disponibles para grupos m\u00e1s grandes.<\/p>                <\/div>\n            <\/div>\n        <\/div>\n                <div class=\"pxl-ac-item elementor-repeater-item-0e9907a\">\n            <div class=\"pxl-ac-title\" data-target=\"#0e9907apxl_accordion-54cb2d6-8130\">\n                <span class=\"pxl-ac-title-text\">\u00bfCu\u00e1nto dura un men\u00fa degustaci\u00f3n?<\/span>\n            <\/div>\n            <div id=\"0e9907apxl_accordion-54cb2d6-8130\" class=\"pxl-ac-content\">\n                <div class=\"pxl-ac-content-inner\">\n                    <p>Solo aceptamos reservas en l\u00ednea a trav\u00e9s de nuestro diario de reservas. Al finalizar la reserva, recibir\u00e1 un correo electr\u00f3nico de confirmaci\u00f3n con informaci\u00f3n \u00fatil sobre su visita. Si no recibe el correo electr\u00f3nico de confirmaci\u00f3n en las 24 horas siguientes a la reserva, p\u00f3ngase en contacto directamente con el restaurante para que podamos asegurarnos de que su reserva est\u00e9 en nuestro sistema. Para grupos de m\u00e1s de 6 personas, llame directamente al restaurante al (+44) 1434 681232, donde le informaremos sobre las opciones disponibles para grupos m\u00e1s grandes.<\/p>                <\/div>\n            <\/div>\n        <\/div>\n        <\/div>\n\t\t\t\t<\/div>\n\t\t\t\t<\/div>\n\t\t                    <\/div>\r\n        <\/div>\r\n        \t\t\t<\/div>\n\t\t<\/section>\n\t\t        <section class=\"elementor-section elementor-top-section elementor-element elementor-element-affe559 elementor-section-boxed elementor-section-height-default elementor-section-height-default pxl-section-static-pos-no pxl-section-overflow-hidden-no\" data-id=\"affe559\" data-element_type=\"section\" data-e-type=\"section\">\n\n                \n                <div class=\"elementor-container elementor-column-gap-default\">\n                <div class=\"elementor-column elementor-col-100 elementor-top-column elementor-element elementor-element-0051e7d pxl-column-element-default pxl-column-fullwidth-no\" data-id=\"0051e7d\" data-element_type=\"column\" data-e-type=\"column\">\r\n        <div class=\"elementor-widget-wrap elementor-element-populated\">\r\n                    \t\t<div class=\"elementor-element elementor-element-28395ec elementor-widget elementor-widget-spacer\" data-id=\"28395ec\" data-element_type=\"widget\" data-e-type=\"widget\" data-widget_type=\"spacer.default\">\n\t\t\t\t<div class=\"elementor-widget-container\">\n\t\t\t\t\t\t\t<div class=\"elementor-spacer\">\n\t\t\t<div class=\"elementor-spacer-inner\"><\/div>\n\t\t<\/div>\n\t\t\t\t\t\t<\/div>\n\t\t\t\t<\/div>\n\t\t                    <\/div>\r\n        <\/div>\r\n        \t\t\t<\/div>\n\t\t<\/section>\n\t\t        <section class=\"elementor-section elementor-top-section elementor-element elementor-element-a7ad8cc elementor-section-boxed elementor-section-height-default elementor-section-height-default pxl-section-static-pos-no pxl-section-overflow-hidden-no\" data-id=\"a7ad8cc\" data-element_type=\"section\" data-e-type=\"section\" data-settings=\"{&quot;background_background&quot;:&quot;classic&quot;}\">\n\n                            <div class=\"elementor-background-overlay\"><\/div>\n            \n                <div class=\"elementor-container elementor-column-gap-default\">\n                <div class=\"elementor-column elementor-col-100 elementor-top-column elementor-element elementor-element-7fd75ca pxl-column-element-default pxl-column-fullwidth-no\" data-id=\"7fd75ca\" data-element_type=\"column\" data-e-type=\"column\">\r\n        <div class=\"elementor-widget-wrap elementor-element-populated\">\r\n                    \t\t<div class=\"elementor-element elementor-element-1049528 pxl-heading-align-center pxl-heading-layout-1 elementor-widget elementor-widget-pxl_heading\" data-id=\"1049528\" data-element_type=\"widget\" data-e-type=\"widget\" data-widget_type=\"pxl_heading.default\">\n\t\t\t\t<div class=\"elementor-widget-container\">\n\t\t\t\t\t<div class=\"pxl-heading-wrap d-flex layout1\">\n    <div class=\"pxl-heading-inner\">\n                        <h2 class=\"heading-title\">\n                        Haznos una pregunta<br \/>\n                    <\/h2>\n            <\/div>\n<\/div>\t\t\t\t<\/div>\n\t\t\t\t<\/div>\n\t\t\t\t<div class=\"elementor-element elementor-element-1a48605 elementor-widget elementor-widget-pxl_text_editor\" data-id=\"1a48605\" data-element_type=\"widget\" data-e-type=\"widget\" data-widget_type=\"pxl_text_editor.default\">\n\t\t\t\t<div class=\"elementor-widget-container\">\n\t\t\t\t\t<div id=\"pxl_text_editor-1a48605-2394\" class=\"pxl-text-editor-wrap d-flex\" >\n    <div class=\"pxl-text-editor elementor-clearfix\">\n        <p>Si no encuentras la respuesta que buscas, haznos una pregunta, estaremos encantados de responder cualquiera de tus dudas.<br \/>Responderemos a sus preguntas dentro de las 24 horas por correo electr\u00f3nico.<\/p>    <\/div>\n<\/div>\t\t\t\t<\/div>\n\t\t\t\t<\/div>\n\t\t\t\t<div class=\"elementor-element elementor-element-293d172 elementor-align-center elementor-widget elementor-widget-pxl_button\" data-id=\"293d172\" data-element_type=\"widget\" data-e-type=\"widget\" data-widget_type=\"pxl_button.default\">\n\t\t\t\t<div class=\"elementor-widget-container\">\n\t\t\t\t\t<div id=\"pxl_button-293d172-3179\" class=\"pxl-button-wrapper d-flex pxl-button-layout1\">\n    <a href=\"https:\/\/www.cretan-gastronomy.com\/es\/contact-us\/\" class=\"btn btn-additional-3 icon-ps-right\">\n                <span class=\"pxl-button-text\" data-text=\"contact us\">Cont\u00e1ctanos<\/span>\n            <\/a>\n<\/div>\t\t\t\t<\/div>\n\t\t\t\t<\/div>\n\t\t                    <\/div>\r\n        <\/div>\r\n        \t\t\t<\/div>\n\t\t<\/section>\n\t\t\t\t<\/div>","protected":false},"excerpt":{"rendered":"<p>How do I make a Booking? We accept bookings online through our online booking diary only. On completion of a booking you will receive a confirmation email with lots of useful information about your visit. If you do not receive a confirmation email within 24 hours of making your booking please contact the restaurant directly [&hellip;]<\/p>\n","protected":false},"author":1,"featured_media":0,"parent":0,"menu_order":0,"comment_status":"closed","ping_status":"closed","template":"","meta":{"footnotes":""},"class_list":["post-4091","page","type-page","status-publish","hentry"],"_links":{"self":[{"href":"https:\/\/www.cretan-gastronomy.com\/es\/wp-json\/wp\/v2\/pages\/4091","targetHints":{"allow":["GET"]}}],"collection":[{"href":"https:\/\/www.cretan-gastronomy.com\/es\/wp-json\/wp\/v2\/pages"}],"about":[{"href":"https:\/\/www.cretan-gastronomy.com\/es\/wp-json\/wp\/v2\/types\/page"}],"author":[{"embeddable":true,"href":"https:\/\/www.cretan-gastronomy.com\/es\/wp-json\/wp\/v2\/users\/1"}],"replies":[{"embeddable":true,"href":"https:\/\/www.cretan-gastronomy.com\/es\/wp-json\/wp\/v2\/comments?post=4091"}],"version-history":[{"count":0,"href":"https:\/\/www.cretan-gastronomy.com\/es\/wp-json\/wp\/v2\/pages\/4091\/revisions"}],"wp:attachment":[{"href":"https:\/\/www.cretan-gastronomy.com\/es\/wp-json\/wp\/v2\/media?parent=4091"}],"curies":[{"name":"gracias","href":"https:\/\/api.w.org\/{rel}","templated":true}]}}