{"id":7503,"date":"2025-02-02T16:25:20","date_gmt":"2025-02-02T16:25:20","guid":{"rendered":"https:\/\/www.cretan-gastronomy.com\/?page_id=7503"},"modified":"2025-02-02T18:02:54","modified_gmt":"2025-02-02T18:02:54","slug":"cookies-policy","status":"publish","type":"page","link":"https:\/\/www.cretan-gastronomy.com\/es\/cookies-policy\/","title":{"rendered":"Pol\u00edtica de cookies"},"content":{"rendered":"<h2 class=\"wp-block-heading\">Pol\u00edtica de cookies<\/h2>\n\n\n\n<p><em>\u00daltima actualizaci\u00f3n: 19 de diciembre de 2024<\/em><\/p>\n\n\n\n<p><strong>Pol\u00edtica de cookies<\/strong>&nbsp;de <strong>ETHIMO RESTAURANTE Gastronom\u00eda Cretense<\/strong>,<br>50 Andrea Papandreou Amoudara, Heracli\u00f3n,<br>Creta<br>71414,<br>Grecia,<br>correo electr\u00f3nico: <a href=\"mailto:info@cretan-gastonomy.com\">info@cretan-gastonomy.com<\/a>,<br>Tel\u00e9fono: +302810372700<\/p>\n\n\n\n<p>Esta Pol\u00edtica de Cookies proporciona informaci\u00f3n sobre el uso de Cookies y Tecnolog\u00edas Similares en el sitio web del hotel. Tambi\u00e9n describe las opciones que tiene con respecto a las Cookies y Tecnolog\u00edas Similares.<\/p>\n\n\n\n<p>Esta Pol\u00edtica de Cookies forma parte de las condiciones de uso del Sitio Web y est\u00e1 incorporada a ellas, y puede estar sujeta a cambios ocasionales. Se recomienda consultar la Pol\u00edtica de Cookies peri\u00f3dicamente para mantenerse al tanto de cualquier revisi\u00f3n. Tambi\u00e9n pueden aparecer avisos relevantes sobre cambios sustanciales en el Sitio Web. Al visitar el Sitio Web, usted acepta cualquier cambio realizado en esta Pol\u00edtica.<\/p>\n\n\n\n<p><strong>\u00bfQu\u00e9 son las cookies?<\/strong><\/p>\n\n\n\n<p>Las cookies son peque\u00f1os archivos de texto, generalmente compuestos de letras y n\u00fameros, y almacenados en su dispositivo por un servidor web.<\/p>\n\n\n\n<p>Las cookies se dividen en \u00abcookies de sesi\u00f3n\u00bb y \u00abcookies persistentes\u00bb seg\u00fan el tiempo que permanecen almacenadas en su dispositivo. Las \u00abcookies de sesi\u00f3n\u00bb se almacenan en su dispositivo al visitar el sitio web y se eliminan autom\u00e1ticamente al cerrar el navegador. Las \u00abcookies persistentes\u00bb se almacenan en su dispositivo al visitar el sitio web y permanecen almacenadas despu\u00e9s de cerrar el navegador. Las \u00abcookies persistentes\u00bb se reactivar\u00e1n autom\u00e1ticamente al abrir el navegador y navegar por internet.<\/p>\n\n\n\n<p>Cookies propias y de terceros: Seg\u00fan el sitio web o el dominio que las instala, las cookies se clasifican como \u00abpropias\u00bb o \u00abde terceros\u00bb. Las cookies propias, en general, son las que instala el sitio web que visita el usuario (el que aparece en la ventana URL). Las cookies de terceros son las que instala un sitio web (dominio) distinto al que visita el usuario. Si el usuario visita un sitio web y otra empresa instala una cookie a trav\u00e9s de ese sitio web, la cookie en cuesti\u00f3n ser\u00e1 de un tercero.<\/p>\n\n\n\n<p><strong>\u00bfPor qu\u00e9 utilizamos cookies?<\/strong><\/p>\n\n\n\n<p>Utilizamos cookies para ofrecerte la mejor experiencia de navegaci\u00f3n posible. Algunas cookies son t\u00e9cnicamente necesarias para el correcto uso del sitio web. Otras se utilizan para realizar funciones como la publicidad y la obtenci\u00f3n de estad\u00edsticas (es decir, cu\u00e1ntos visitantes han visitado p\u00e1ginas espec\u00edficas de nuestro sitio web).<\/p>\n\n\n\n<p>Nosotros y\/o terceros que prestan servicios en nuestro nombre categorizamos las cookies como se describe a continuaci\u00f3n.<\/p>\n\n\n\n<p>Cookies estrictamente necesarias<\/p>\n\n\n\n<p>Estas cookies son estrictamente necesarias para prestarle los servicios que solicita a trav\u00e9s del sitio web. Son necesarias para que pueda visitar nuestro sitio web y utilizar sus funciones correctamente. Funciones b\u00e1sicas, como las siguientes, se basan en estas importantes cookies:<\/p>\n\n\n\n<p>Para permanecer conectado al sitio web,<\/p>\n\n\n\n<p>o Identificar su informaci\u00f3n personal, la cual usted ingresa en el Sitio Web al momento de realizar sus transacciones,<\/p>\n\n\n\n<p>o Para proteger la seguridad de sus transacciones a trav\u00e9s de su redirecci\u00f3n a aplicaciones de pago de terceros y su regreso al Sitio web para completar la transacci\u00f3n,<\/p>\n\n\n\n<p>o Recuperar informaci\u00f3n sobre su transacci\u00f3n despu\u00e9s de su finalizaci\u00f3n y<\/p>\n\n\n\n<p>o En general, para proporcionarle servicios e informaci\u00f3n a petici\u00f3n suya.<\/p>\n\n\n\n<p>Cookies de funcionalidad<\/p>\n\n\n\n<p>Estas cookies nos ayudan a personalizar nuestro contenido, a llamarte por tu nombre y a recordar tus preferencias (por ejemplo, tu elecci\u00f3n de un idioma o regi\u00f3n). Si decides eliminar o desactivar las cookies de funcionalidad, las preferencias o ajustes que hayas elegido no se conservar\u00e1n en tus pr\u00f3ximas visitas al sitio web.<\/p>\n\n\n\n<p>Cookies de rendimiento<\/p>\n\n\n\n<p>Estas cookies recopilan informaci\u00f3n sobre c\u00f3mo los usuarios utilizan el sitio web para poder revisarlo y mejorarlo, as\u00ed como la experiencia del visitante. Estas cookies no recopilan informaci\u00f3n que identifique al visitante.<\/p>\n\n\n\n<p>Estas cookies recopilan informaci\u00f3n sobre:<\/p>\n\n\n\n<p>P\u00e1ginas que la gente visita con m\u00e1s frecuencia,<br>Enlaces seleccionados por los usuarios,<br>Mensajes de error que pueden recibir los usuarios al navegar por el Sitio Web, etc.<\/p>\n\n\n\n<p>Cookies de terceros\/Marketing<\/p>\n\n\n\n<p>Para ofrecerte contenido m\u00e1s interesante y ayudarte a interactuar con tus redes sociales, el Sitio Web puede incorporar contenido y servicios de terceros (p. ej., complementos de Facebook, Twitter, YouTube, Instagram, Pinterest, etc.) o enlaces a sitios web de terceros. Al visitar enlaces o sitios web de terceros, est\u00e1s sujeto a la pol\u00edtica de cookies de dichos terceros. En este caso, act\u00faas por tu propia cuenta y no asumimos ninguna responsabilidad por cualquier problema derivado del almacenamiento de cookies en tu dispositivo por parte del sitio web del tercero.<\/p>\n\n\n\n<p>En nuestros sitios web se utilizan las siguientes herramientas de software de terceros:<br>\u2022 Google Analytics: seguimiento del comportamiento y estad\u00edsticas del sitio web.<br>\u2022 Google Ads \/ Bindg Ads: para listados patrocinados en las p\u00e1ginas de resultados de motores de b\u00fasqueda.<br>\u2022 Retargeting de Facebook: seguimiento de las p\u00e1ginas web que est\u00e1s viendo y los anuncios que ver\u00e1s.<br>\u2022 Retargeting de Instagram: seguimiento de las p\u00e1ginas web que est\u00e1s viendo y los anuncios que ver\u00e1s.<\/p>\n\n\n\n<p><strong>C\u00f3mo controlar las cookies<\/strong><\/p>\n\n\n\n<p>La mayor\u00eda de los navegadores de internet aceptan cookies autom\u00e1ticamente, pero ofrecen opciones de control que le permiten bloquearlas o eliminarlas. Puede habilitar o deshabilitar la instalaci\u00f3n de cookies en su dispositivo modificando la configuraci\u00f3n del navegador que utiliza en cualquier momento. Tambi\u00e9n puede configurar su navegador para que le informe antes de instalar una cookie o seguir las instrucciones de su navegador para eliminar las cookies ya instaladas. Si utiliza varios dispositivos, deber\u00e1 configurar el sistema de navegaci\u00f3n a su gusto en cada uno de ellos.<\/p>\n\n\n\n<p>Si elige deshabilitar todas las cookies, es posible que no pueda disfrutar plenamente de las funciones interactivas de nuestro sitio web ni recibir nuestros servicios a trav\u00e9s de nuestro sitio web.<\/p>\n\n\n\n<p>Eliminar las cookies no elimina los objetos de la aplicaci\u00f3n Flash. Puede obtener m\u00e1s informaci\u00f3n sobre los objetos de la aplicaci\u00f3n Flash, incluyendo c\u00f3mo controlarlos y desactivarlos, en el sitio web de Adobe. Puede encontrar informaci\u00f3n adicional sobre las cookies y tecnolog\u00edas similares utilizadas en diversos sitios web a trav\u00e9s de su navegador u otros recursos de internet.<\/p>\n\n\n\n<p>Para administrar las cookies a trav\u00e9s de su navegador, seleccione los siguientes hiperv\u00ednculos para ser redirigido a las instrucciones de su navegador:<\/p>\n\n\n\n<p>Explorador de Microsoft Windows<br>Mozilla Firefox<br>Google Chrome<br>Safari de Apple<\/p>\n\n\n\n<p>Puede obtener m\u00e1s informaci\u00f3n sobre las cookies en los siguientes sitios web de terceros:<\/p>\n\n\n\n<p>Todo sobre las cookies:&nbsp;<a href=\"https:\/\/www.allaboutcookies.org\/\" target=\"_blank\" rel=\"noreferrer noopener\">https:\/\/www.allaboutcookies.org\/<\/a><br>Cookiepedia:&nbsp;<a href=\"https:\/\/cookiepedia.co.uk\/\" target=\"_blank\" rel=\"noreferrer noopener\">https:\/\/cookiepedia.co.uk\/<\/a><\/p>\n\n\n\n<p><strong>\u00bfQu\u00e9 tecnolog\u00edas son similares?<\/strong><\/p>\n\n\n\n<p>Las etiquetas de p\u00edxel, las balizas web, los scripts incrustados y los GIF transparentes son peque\u00f1os archivos que se utilizan para rastrear la navegaci\u00f3n en una p\u00e1gina web y pueden utilizarse junto con las cookies. Los objetos Flash (objetos locales compartidos) son peque\u00f1os archivos que se almacenan en su dispositivo desde una p\u00e1gina web que utiliza la tecnolog\u00eda Flash Player de Adobe.<\/p>\n\n\n\n<p>Balizas web y scripts incrustados<\/p>\n\n\n\n<p>Las balizas web y los scripts incrustados son otras tecnolog\u00edas que utilizamos en nuestro sitio web, as\u00ed como en ciertos correos electr\u00f3nicos y anuncios.<\/p>\n\n\n\n<p>Las balizas web (o \u201cetiquetas\u201d) son fragmentos de c\u00f3digo de programaci\u00f3n incluidos en p\u00e1ginas web, correos electr\u00f3nicos y anuncios que nos revelan a nosotros y\/o a terceros que brindan servicios en nuestro nombre cu\u00e1ndo se vieron o seleccionaron esas p\u00e1ginas web, correos electr\u00f3nicos o anuncios.<\/p>\n\n\n\n<p>Utilizamos esta informaci\u00f3n para mejorar nuestro sitio web, adaptarlo a sus intereses potenciales y realizar estudios de mercado. Puede desactivar ciertas funciones, como JavaScript, a trav\u00e9s de su navegador (consulte la ayuda de su navegador). Tenga en cuenta que si desactiva ciertas funciones, el sitio web podr\u00eda no funcionar correctamente.<\/p>\n\n\n\n<p><strong>Privacidad<\/strong><\/p>\n\n\n\n<p>Nos comprometemos a aplicar buenas pr\u00e1cticas de privacidad. Para obtener m\u00e1s informaci\u00f3n sobre nuestra pol\u00edtica de privacidad, consulte nuestra&nbsp;<a href=\"https:\/\/www.cretan-gastronomy.com\/es\/privacy-policy\/\" data-type=\"page\" data-id=\"7397\">Pol\u00edtica de privacidad<\/a>.<\/p>\n\n\n\n<p>Responsable de Quejas \/ Protecci\u00f3n de Datos: Si tiene alguna consulta o inquietud sobre el procesamiento de su informaci\u00f3n disponible con nosotros, puede enviar un correo electr\u00f3nico a nuestro Responsable de Quejas a:<br><br>ETHOMO Gastronom\u00eda cretense,<br>50 Andrea Papandreou Amoudara, Heracli\u00f3n,<br>correo electr\u00f3nico:\u00a0<a href=\"mailto:info@cretan-gastronomy.com\">info@cretan-gastronomy.com<\/a><br><br>Abordaremos sus inquietudes de acuerdo con la legislaci\u00f3n aplicable.<\/p>\n\n\n<p>&nbsp;<\/p>","protected":false},"excerpt":{"rendered":"<p>Cookies Policy Last Updated On 19-Dec-2024 Cookies Policy&nbsp;of ETHIMO Cretan Gastronomy RESTAURANT,50 Andrea Papandreou Amoudara, Heraklion,Crete71414,Greece,email: info@cretan-gastonomy.com,phone: +302810372700 This Cookies Policy provides information regarding the use of Cookies and Similar Technologies by the hotel\u2019s website. It also describes what kind of choices you may have regarding Cookies and Similar Technologies. This Cookie Policy is part [&hellip;]<\/p>\n","protected":false},"author":2,"featured_media":0,"parent":0,"menu_order":0,"comment_status":"closed","ping_status":"closed","template":"","meta":{"footnotes":""},"class_list":["post-7503","page","type-page","status-publish","hentry"],"_links":{"self":[{"href":"https:\/\/www.cretan-gastronomy.com\/es\/wp-json\/wp\/v2\/pages\/7503","targetHints":{"allow":["GET"]}}],"collection":[{"href":"https:\/\/www.cretan-gastronomy.com\/es\/wp-json\/wp\/v2\/pages"}],"about":[{"href":"https:\/\/www.cretan-gastronomy.com\/es\/wp-json\/wp\/v2\/types\/page"}],"author":[{"embeddable":true,"href":"https:\/\/www.cretan-gastronomy.com\/es\/wp-json\/wp\/v2\/users\/2"}],"replies":[{"embeddable":true,"href":"https:\/\/www.cretan-gastronomy.com\/es\/wp-json\/wp\/v2\/comments?post=7503"}],"version-history":[{"count":0,"href":"https:\/\/www.cretan-gastronomy.com\/es\/wp-json\/wp\/v2\/pages\/7503\/revisions"}],"wp:attachment":[{"href":"https:\/\/www.cretan-gastronomy.com\/es\/wp-json\/wp\/v2\/media?parent=7503"}],"curies":[{"name":"gracias","href":"https:\/\/api.w.org\/{rel}","templated":true}]}}