{"id":7397,"date":"2025-01-16T18:19:00","date_gmt":"2025-01-16T18:19:00","guid":{"rendered":"https:\/\/www.cretan-gastronomy.com\/?page_id=7397"},"modified":"2025-02-02T16:33:51","modified_gmt":"2025-02-02T16:33:51","slug":"privacy-policy","status":"publish","type":"page","link":"https:\/\/www.cretan-gastronomy.com\/fr\/privacy-policy\/","title":{"rendered":"politique de confidentialit\u00e9"},"content":{"rendered":"<h2 class=\"wp-block-heading\">politique de confidentialit\u00e9<\/h2>\n\n\n\n<p><em>Derni\u00e8re mise \u00e0 jour le 25 janvier 2025<\/em><\/p>\n\n\n\n<p>Ce <strong>politique de confidentialit\u00e9<\/strong> d\u00e9crit les politiques de<\/p>\n\n\n\n<p><strong>Gastronomie cr\u00e9toise d&#039;Ethimo<\/strong>,<br>50 Andr\u00e9a Papandr\u00e9ou Amoudara,<br>71414 H\u00e9raklion, Cr\u00e8te<br>Gr\u00e8ce<br>e-mail: <a href=\"mailto:info@cretan-gastronomy.com\">info@cretan-gastronomy.com<\/a>\u00a0 <br>t\u00e9l\u00e9phone: <a href=\"tel:+302810372700\">+302810372700<\/a><\/p>\n\n\n\n<p>sur la collecte, l&#039;utilisation et la divulgation de vos informations que nous collectons lorsque vous utilisez notre site Web (<a href=\"https:\/\/www.cretan-gastronomy.com\/fr\/\">https:\/\/www.cretan-gastronomy.com<\/a>). (le \u00ab\u00a0Service\u00a0\u00bb). En acc\u00e9dant au Service ou en l&#039;utilisant, vous consentez \u00e0 la collecte, \u00e0 l&#039;utilisation et \u00e0 la divulgation de vos informations conform\u00e9ment \u00e0 la pr\u00e9sente Politique de confidentialit\u00e9. Si vous n&#039;y consentez pas, veuillez ne pas acc\u00e9der au Service ni l&#039;utiliser.<\/p>\n\n\n\n<p>Nous pouvons modifier cette Politique de confidentialit\u00e9 \u00e0 tout moment et sans pr\u00e9avis. La version r\u00e9vis\u00e9e sera publi\u00e9e sur le Service. La version r\u00e9vis\u00e9e entrera en vigueur 180 jours apr\u00e8s sa publication sur le Service. Votre acc\u00e8s ou utilisation continue du Service apr\u00e8s cette date constituera votre acceptation de la version r\u00e9vis\u00e9e. Nous vous recommandons donc de consulter r\u00e9guli\u00e8rement cette page.<\/p>\n\n\n\n<p><strong>Informations que nous collectons :<\/strong><\/p>\n\n\n\n<p>Nous collecterons et traiterons les informations personnelles suivantes vous concernant :<\/p>\n\n\n\n<ol class=\"wp-block-list\">\n<li>\n<ol class=\"wp-block-list\">\n<li>Nom<\/li>\n\n\n\n<li>E-mail<\/li>\n<\/ol>\n<\/li>\n\n\n\n<li>\u00a0<\/li>\n\n\n\n<li><strong>Comment nous utilisons vos informations :<\/strong><\/li>\n<\/ol>\n\n\n\n<p>Nous utiliserons les informations que nous collectons \u00e0 votre sujet aux fins suivantes :<\/p>\n\n\n\n<ol class=\"wp-block-list\">\n<li>\n<ol class=\"wp-block-list\">\n<li>Marketing\/Promotionnel<\/li>\n\n\n\n<li>T\u00e9moignages<\/li>\n\n\n\n<li>Recueil des commentaires des clients<\/li>\n\n\n\n<li>Traitement des paiements<\/li>\n\n\n\n<li>Protection du site<\/li>\n<\/ol>\n<\/li>\n<\/ol>\n\n\n\n<p>Si nous souhaitons utiliser vos informations \u00e0 d&#039;autres fins, nous vous demanderons votre consentement et utiliserons vos informations uniquement apr\u00e8s avoir re\u00e7u votre consentement et ensuite, uniquement aux fins pour lesquelles vous avez accord\u00e9 votre consentement, \u00e0 moins que nous ne soyons tenus de faire autrement par la loi.<\/p>\n\n\n\n<p><strong>Comment nous partageons vos informations :<\/strong><\/p>\n\n\n\n<p>Nous ne transf\u00e9rerons pas vos informations personnelles \u00e0 des tiers sans demander votre consentement, sauf dans des circonstances limit\u00e9es telles que d\u00e9crites ci-dessous :<\/p>\n\n\n\n<ol class=\"wp-block-list\">\n<li>\n<ol class=\"wp-block-list\">\n<li>Service de publicit\u00e9<\/li>\n\n\n\n<li>Analytique<\/li>\n<\/ol>\n<\/li>\n<\/ol>\n\n\n\n<p>Nous exigeons de ces tiers qu&#039;ils utilisent les informations personnelles que nous leur transf\u00e9rons uniquement aux fins pour lesquelles elles ont \u00e9t\u00e9 transf\u00e9r\u00e9es et qu&#039;ils ne les conservent pas plus longtemps que n\u00e9cessaire pour atteindre cet objectif.<\/p>\n\n\n\n<p>Nous pouvons \u00e9galement divulguer vos informations personnelles aux fins suivantes\u00a0: (1) pour nous conformer aux lois, r\u00e9glementations, d\u00e9cisions de justice ou autres proc\u00e9dures judiciaires applicables\u00a0; (2) pour faire respecter vos accords avec nous, y compris la pr\u00e9sente Politique de confidentialit\u00e9\u00a0; ou (3) pour r\u00e9pondre \u00e0 des r\u00e9clamations selon lesquelles votre utilisation du Service violerait les droits de tiers. En cas de fusion ou d&#039;acquisition du Service ou de notre entreprise avec une autre entreprise, vos informations seront transf\u00e9r\u00e9es au nouveau propri\u00e9taire.<\/p>\n\n\n\n<p><strong>Conservation de vos informations :<\/strong><\/p>\n\n\n\n<p>Nous conserverons vos informations personnelles pendant une p\u00e9riode allant de 90 jours \u00e0 2 ans apr\u00e8s l&#039;inactivit\u00e9 de votre compte utilisateur, ou aussi longtemps que n\u00e9cessaire pour atteindre les finalit\u00e9s pour lesquelles elles ont \u00e9t\u00e9 collect\u00e9es, comme indiqu\u00e9 dans la pr\u00e9sente Politique de confidentialit\u00e9. Nous pouvons \u00eatre amen\u00e9s \u00e0 conserver certaines informations plus longtemps, notamment pour la tenue de registres ou la production de rapports, conform\u00e9ment \u00e0 la loi applicable, ou pour d&#039;autres motifs l\u00e9gitimes tels que l&#039;exercice de droits, la pr\u00e9vention de la fraude, etc. Les informations anonymes r\u00e9siduelles et les informations agr\u00e9g\u00e9es, qui ne permettent pas de vous identifier (directement ou indirectement), peuvent \u00eatre conserv\u00e9es ind\u00e9finiment.<\/p>\n\n\n\n<p><strong>Vos droits :<\/strong><\/p>\n\n\n\n<p>Selon la loi applicable, vous disposez d&#039;un droit d&#039;acc\u00e8s, de rectification ou d&#039;effacement de vos donn\u00e9es personnelles, d&#039;obtention d&#039;une copie de vos donn\u00e9es personnelles, de restriction ou d&#039;opposition au traitement actif de vos donn\u00e9es, de demande de partage (portabilit\u00e9) de vos informations personnelles avec une autre entit\u00e9, de retrait de tout consentement que vous nous avez accord\u00e9 pour le traitement de vos donn\u00e9es, du droit de d\u00e9poser une plainte aupr\u00e8s d&#039;une autorit\u00e9 statutaire et de tout autre droit pertinent en vertu de la loi applicable. Pour exercer ces droits, vous pouvez nous \u00e9crire \u00e0 l&#039;adresse suivante\u00a0:<br><a href=\"mailto:info@cretan-gastronomy.com\">\u00a0<a href=\"mailto:info@cretan-gastronomy.com\">info@cretan-gastronomy.com<\/a><\/a><\/p>\n\n\n\n<p>Nous r\u00e9pondrons \u00e0 votre demande conform\u00e9ment \u00e0 la loi applicable.<\/p>\n\n\n\n<p>Vous pouvez vous d\u00e9sinscrire des communications de marketing direct ou du profilage que nous effectuons \u00e0 des fins de marketing en nous \u00e9crivant \u00e0\u00a0<a href=\"mailto:info@cretan-gastronomy.com\"><a href=\"mailto:info@alsusboutiquehotel.com\">info@cretan-gastronomy.com<\/a><\/a>\u00a0<\/p>\n\n\n\n<p>Veuillez noter que si vous ne nous autorisez pas \u00e0 collecter ou \u00e0 traiter les informations personnelles requises ou si vous retirez votre consentement \u00e0 les traiter aux fins requises, vous ne pourrez peut-\u00eatre pas acc\u00e9der ou utiliser les services pour lesquels vos informations ont \u00e9t\u00e9 demand\u00e9es.<\/p>\n\n\n\n<p><strong>Biscuits etc.<\/strong><\/p>\n\n\n\n<p>Pour en savoir plus sur la mani\u00e8re dont nous les utilisons et sur vos choix en relation avec ces suivis<br>technologies, veuillez vous r\u00e9f\u00e9rer \u00e0 notre\u00a0<a href=\"https:\/\/www.cretan-gastronomy.com\/fr\/cookies-policy\/\">Politique relative aux cookies<\/a><\/p>\n\n\n\n<p><strong>S\u00e9curit\u00e9:<\/strong><\/p>\n\n\n\n<p>La s\u00e9curit\u00e9 de vos informations est importante pour nous et nous mettrons en \u0153uvre des mesures de s\u00e9curit\u00e9 raisonnables pour pr\u00e9venir la perte, l&#039;utilisation abusive ou la modification non autoris\u00e9e des informations que vous nous transmettez. Cependant, compte tenu des risques inh\u00e9rents, nous ne pouvons garantir une s\u00e9curit\u00e9 absolue et, par cons\u00e9quent, nous ne pouvons garantir la s\u00e9curit\u00e9 des informations que vous nous transmettez. Vous le faites \u00e0 vos propres risques.<\/p>\n\n\n\n<p><strong>D\u00e9l\u00e9gu\u00e9 aux r\u00e9clamations \/ \u00e0 la protection des donn\u00e9es :<\/strong><\/p>\n\n\n\n<p>Si vous avez des questions ou des pr\u00e9occupations concernant le traitement de vos informations dont nous disposons, vous pouvez envoyer un e-mail \u00e0 notre responsable des r\u00e9clamations \u00e0 l&#039;adresse<\/p>\n\n\n\n<p>H\u00f4tel-boutique Alsus,<br>50 Andrea Papandreou Amoudara, H\u00e9raklion,<br>e-mail:\u00a0<a href=\"mailto:info@cretan-gastronomy.com\">info@cretan-gastronomy.com<\/a><\/p>\n\n\n\n<p>Nous r\u00e9pondrons \u00e0 vos pr\u00e9occupations conform\u00e9ment \u00e0 la loi applicable<\/p>\n\n\n<p>&nbsp;<\/p>","protected":false},"excerpt":{"rendered":"<p>Privacy Policy Last Updated On 25-Jan-2025 This Privacy Policy describes the policies of Ethimo Cretan Gastronomy,50 Andrea Papandreou Amoudara,71414 Heraklion, CreteGreeceemail: info@cretan-gastronomy.com\u00a0 phone: +302810372700 on the collection, use and disclosure of your information that we collect when you use our website (https:\/\/www.cretan-gastronomy.com). (the \u201cService\u201d). By accessing or using the Service, you are consenting to the [&hellip;]<\/p>\n","protected":false},"author":1,"featured_media":0,"parent":0,"menu_order":0,"comment_status":"closed","ping_status":"closed","template":"","meta":{"footnotes":""},"class_list":["post-7397","page","type-page","status-publish","hentry"],"_links":{"self":[{"href":"https:\/\/www.cretan-gastronomy.com\/fr\/wp-json\/wp\/v2\/pages\/7397","targetHints":{"allow":["GET"]}}],"collection":[{"href":"https:\/\/www.cretan-gastronomy.com\/fr\/wp-json\/wp\/v2\/pages"}],"about":[{"href":"https:\/\/www.cretan-gastronomy.com\/fr\/wp-json\/wp\/v2\/types\/page"}],"author":[{"embeddable":true,"href":"https:\/\/www.cretan-gastronomy.com\/fr\/wp-json\/wp\/v2\/users\/1"}],"replies":[{"embeddable":true,"href":"https:\/\/www.cretan-gastronomy.com\/fr\/wp-json\/wp\/v2\/comments?post=7397"}],"version-history":[{"count":0,"href":"https:\/\/www.cretan-gastronomy.com\/fr\/wp-json\/wp\/v2\/pages\/7397\/revisions"}],"wp:attachment":[{"href":"https:\/\/www.cretan-gastronomy.com\/fr\/wp-json\/wp\/v2\/media?parent=7397"}],"curies":[{"name":"wp","href":"https:\/\/api.w.org\/{rel}","templated":true}]}}