{"id":7503,"date":"2025-02-02T16:25:20","date_gmt":"2025-02-02T16:25:20","guid":{"rendered":"https:\/\/www.cretan-gastronomy.com\/?page_id=7503"},"modified":"2025-02-02T18:02:54","modified_gmt":"2025-02-02T18:02:54","slug":"cookies-policy","status":"publish","type":"page","link":"https:\/\/www.cretan-gastronomy.com\/fr\/cookies-policy\/","title":{"rendered":"Politique relative aux cookies"},"content":{"rendered":"<h2 class=\"wp-block-heading\">Politique relative aux cookies<\/h2>\n\n\n\n<p><em>Derni\u00e8re mise \u00e0 jour le 19 d\u00e9cembre 2024<\/em><\/p>\n\n\n\n<p><strong>Politique relative aux cookies<\/strong>&nbsp;de <strong>RESTAURANT Gastronomique Cr\u00e9tois ETHIMO<\/strong>,<br>50 Andrea Papandreou Amoudara, H\u00e9raklion,<br>Cr\u00e8te<br>71414,<br>Gr\u00e8ce,<br>e-mail: <a href=\"mailto:info@cretan-gastonomy.com\">info@cretan-gastonomy.com<\/a>,<br>t\u00e9l\u00e9phone : +302810372700<\/p>\n\n\n\n<p>Cette politique relative aux cookies fournit des informations sur l&#039;utilisation des cookies et technologies similaires par le site web de l&#039;h\u00f4tel. Elle d\u00e9crit \u00e9galement les choix dont vous disposez concernant les cookies et technologies similaires.<\/p>\n\n\n\n<p>La pr\u00e9sente Politique relative aux cookies fait partie int\u00e9grante des conditions d&#039;utilisation du site web et est susceptible d&#039;\u00eatre modifi\u00e9e. Il est recommand\u00e9 de consulter r\u00e9guli\u00e8rement la Politique relative aux cookies afin d&#039;\u00eatre inform\u00e9 de toute modification. Des avis de modifications importantes peuvent \u00e9galement appara\u00eetre sur le site web. En visitant le site web, vous acceptez toutes les modifications apport\u00e9es \u00e0 la pr\u00e9sente Politique.<\/p>\n\n\n\n<p><strong>Que sont les cookies ?<\/strong><\/p>\n\n\n\n<p>Les cookies sont de petits fichiers texte, g\u00e9n\u00e9ralement compos\u00e9s de lettres et de chiffres, stock\u00e9s sur votre appareil par un serveur Web.<\/p>\n\n\n\n<p>Les cookies sont class\u00e9s en \u00ab\u00a0cookies de session\u00a0\u00bb et \u00ab\u00a0cookies persistants\u00a0\u00bb selon leur dur\u00e9e de stockage sur votre appareil. Les \u00ab\u00a0cookies de session\u00a0\u00bb sont stock\u00e9s sur votre appareil d\u00e8s que vous visitez le site web et sont automatiquement supprim\u00e9s \u00e0 la fermeture de votre navigateur. Les \u00ab\u00a0cookies persistants\u00a0\u00bb sont stock\u00e9s sur votre appareil d\u00e8s que vous visitez le site web et restent stock\u00e9s apr\u00e8s la fermeture du navigateur. Les \u00ab\u00a0cookies persistants\u00a0\u00bb sont automatiquement r\u00e9activ\u00e9s lorsque vous ouvrez votre navigateur et naviguez sur Internet.<\/p>\n\n\n\n<p>Cookies propri\u00e9taires et tiers \u2013 Selon le site web ou le domaine qui installe le cookie, les cookies sont qualifi\u00e9s de \u00ab\u00a0propres\u00a0\u00bb ou de \u00ab\u00a0tiers\u00a0\u00bb. Les cookies propri\u00e9taires sont g\u00e9n\u00e9ralement install\u00e9s par le site web visit\u00e9 par l&#039;utilisateur, celui qui appara\u00eet dans la fen\u00eatre d&#039;URL. Les cookies tiers sont install\u00e9s par un site web (domaine) autre que celui visit\u00e9 par l&#039;utilisateur. Si l&#039;utilisateur visite un site web et qu&#039;une autre entreprise installe un cookie via ce site web, le cookie en question sera celui d&#039;un tiers.<\/p>\n\n\n\n<p><strong>Pourquoi nous utilisons des cookies<\/strong><\/p>\n\n\n\n<p>Nous utilisons des cookies pour vous offrir la meilleure exp\u00e9rience de navigation possible. Certains cookies sont techniquement n\u00e9cessaires au bon fonctionnement du site web. D&#039;autres servent \u00e0 r\u00e9aliser des fonctions telles que la publicit\u00e9 ou l&#039;obtention de statistiques (nombre de visiteurs ayant consult\u00e9 des pages sp\u00e9cifiques de notre site web).<\/p>\n\n\n\n<p>Nous et\/ou les tiers qui fournissent des services en notre nom cat\u00e9gorisons les cookies comme d\u00e9crit ci-dessous.<\/p>\n\n\n\n<p>Cookies strictement n\u00e9cessaires<\/p>\n\n\n\n<p>Ces cookies sont strictement n\u00e9cessaires pour vous fournir les services demand\u00e9s via le site web. Ils sont essentiels pour vous permettre de visiter notre site web et d&#039;utiliser correctement ses fonctionnalit\u00e9s. Les fonctionnalit\u00e9s de base, telles que les suivantes, reposent sur ces cookies importants\u00a0:<\/p>\n\n\n\n<p>Pour rester connect\u00e9 au site Web,<\/p>\n\n\n\n<p>o Identifier vos informations personnelles, que vous saisissez sur le Site lors de vos transactions,<\/p>\n\n\n\n<p>o Pour prot\u00e9ger la s\u00e9curit\u00e9 de vos transactions via votre redirection vers des applications de paiement tierces et votre retour sur le Site afin de finaliser la transaction,<\/p>\n\n\n\n<p>o R\u00e9cup\u00e9rer les informations sur votre transaction apr\u00e8s sa finalisation et<\/p>\n\n\n\n<p>o En g\u00e9n\u00e9ral, pour vous fournir des services et des informations \u00e0 votre demande<\/p>\n\n\n\n<p>Cookies de fonctionnalit\u00e9<\/p>\n\n\n\n<p>Ces cookies nous permettent de personnaliser notre contenu, de nous adresser \u00e0 vous par votre nom et de m\u00e9moriser vos pr\u00e9f\u00e9rences (par exemple, votre choix de langue ou de r\u00e9gion). Si vous choisissez de supprimer\/d\u00e9sactiver les cookies de fonctionnalit\u00e9, vos pr\u00e9f\u00e9rences\/param\u00e8tres ne seront pas conserv\u00e9s lors de vos prochaines visites sur le site web.<\/p>\n\n\n\n<p>Cookies de performance<\/p>\n\n\n\n<p>Ces cookies collectent des informations sur la fa\u00e7on dont les utilisateurs utilisent le site web afin de pouvoir l&#039;examiner et l&#039;am\u00e9liorer, ainsi que l&#039;exp\u00e9rience du visiteur. Ces cookies ne collectent pas d&#039;informations permettant d&#039;identifier le visiteur.<\/p>\n\n\n\n<p>Ces cookies collectent des informations sur :<\/p>\n\n\n\n<p>Pages que les gens visitent le plus souvent,<br>Liens s\u00e9lectionn\u00e9s par les utilisateurs,<br>Messages d&#039;erreur que les utilisateurs peuvent recevoir lors de la navigation sur le site Web, etc.<\/p>\n\n\n\n<p>Cookies tiers \/ Marketing<\/p>\n\n\n\n<p>Afin de vous proposer un contenu plus int\u00e9ressant et de faciliter l&#039;interaction avec vos r\u00e9seaux sociaux, le site web peut int\u00e9grer du contenu et des services tiers (par exemple, des plugins Facebook, Twitter, YouTube, Instagram, Pinterest, etc.) ou des liens vers des sites web tiers. Lorsque vous consultez des liens et\/ou des sites web tiers, vous \u00eates soumis \u00e0 leur politique en mati\u00e8re de cookies. Dans ce cas, vous agissez librement et nous d\u00e9clinons toute responsabilit\u00e9 quant \u00e0 tout probl\u00e8me d\u00e9coulant du stockage de cookies sur votre appareil par le site web de ces tiers.<\/p>\n\n\n\n<p>Les outils logiciels tiers suivants sont utilis\u00e9s sur nos sites Web\u00a0:<br>\u2022 Google Analytics \u2013 suivi du comportement et des statistiques du site Web.<br>\u2022 Google Ads \/ Bindg Ads \u2013 pour les annonces sponsoris\u00e9es dans les pages de r\u00e9sultats des moteurs de recherche.<br>\u2022 Reciblage Facebook \u2013 suivi des pages Web que vous consultez et des publicit\u00e9s que vous verrez.<br>\u2022 Reciblage Instagram \u2013 suivi des pages Web que vous consultez et des publicit\u00e9s que vous verrez.<\/p>\n\n\n\n<p><strong>Comment contr\u00f4ler les cookies<\/strong><\/p>\n\n\n\n<p>La plupart des navigateurs Internet acceptent automatiquement les cookies, mais proposent des options de contr\u00f4le vous permettant de les bloquer ou de les supprimer. Vous pouvez activer ou d\u00e9sactiver l&#039;installation de cookies sur votre appareil en modifiant les param\u00e8tres de votre navigateur \u00e0 tout moment. Vous pouvez \u00e9galement configurer votre navigateur pour qu&#039;il vous avertisse avant l&#039;installation d&#039;un cookie ou suivre les instructions de votre navigateur pour supprimer les cookies d\u00e9j\u00e0 install\u00e9s. Si vous utilisez plusieurs appareils, vous devez configurer votre navigateur selon vos pr\u00e9f\u00e9rences sur chacun d&#039;eux.<\/p>\n\n\n\n<p>Si vous choisissez de d\u00e9sactiver tous les cookies, vous ne pourrez peut-\u00eatre pas profiter pleinement des fonctionnalit\u00e9s interactives de notre site Web ou recevoir nos services via notre site Web.<\/p>\n\n\n\n<p>La suppression des cookies ne supprime pas les objets d&#039;application Flash. Pour en savoir plus sur les objets d&#039;application Flash, notamment sur leur contr\u00f4le et leur d\u00e9sactivation, consultez le site web d&#039;Adobe. Vous trouverez des informations compl\u00e9mentaires sur les cookies et technologies similaires utilis\u00e9s sur divers sites web via votre navigateur ou d&#039;autres ressources internet.<\/p>\n\n\n\n<p>Pour g\u00e9rer les cookies via votre navigateur, s\u00e9lectionnez les hyperliens suivants pour \u00eatre redirig\u00e9 vers les instructions de votre navigateur :<\/p>\n\n\n\n<p>Explorateur Microsoft Windows<br>Mozilla Firefox<br>Google Chrome<br>Apple Safari<\/p>\n\n\n\n<p>Vous pouvez en savoir plus sur les cookies sur les sites Web tiers suivants\u00a0:<\/p>\n\n\n\n<p>Tout sur les cookies :&nbsp;<a href=\"https:\/\/www.allaboutcookies.org\/\" target=\"_blank\" rel=\"noreferrer noopener\">https:\/\/www.allaboutcookies.org\/<\/a><br>Cookiepedia :&nbsp;<a href=\"https:\/\/cookiepedia.co.uk\/\" target=\"_blank\" rel=\"noreferrer noopener\">https:\/\/cookiepedia.co.uk\/<\/a><\/p>\n\n\n\n<p><strong>Quelles sont les technologies similaires ?<\/strong><\/p>\n\n\n\n<p>Les pixels invisibles, les balises web, les scripts int\u00e9gr\u00e9s et les GIF invisibles sont de petits fichiers utilis\u00e9s pour suivre la navigation sur une page web et peuvent \u00eatre utilis\u00e9s avec des cookies. Les objets Flash (objets partag\u00e9s localement) sont de petits fichiers stock\u00e9s sur votre appareil \u00e0 partir d&#039;une page web utilisant la technologie Flash Player d&#039;Adobe.<\/p>\n\n\n\n<p>Balises Web et scripts int\u00e9gr\u00e9s<\/p>\n\n\n\n<p>Les balises Web et les scripts int\u00e9gr\u00e9s sont d\u2019autres technologies que nous utilisons sur notre site Web, ainsi que dans certains e-mails et publicit\u00e9s.<\/p>\n\n\n\n<p>Les balises Web (ou \u00ab tags \u00bb) sont des \u00e9l\u00e9ments de code de programmation inclus dans des pages Web, des e-mails et des publicit\u00e9s qui nous sont r\u00e9v\u00e9l\u00e9s et\/ou \u00e0 des tiers fournissant des services en notre nom lorsque ces pages Web, e-mails ou publicit\u00e9s ont \u00e9t\u00e9 consult\u00e9s ou s\u00e9lectionn\u00e9s.<\/p>\n\n\n\n<p>Nous utilisons ces informations pour am\u00e9liorer notre site web, l&#039;adapter \u00e0 vos centres d&#039;int\u00e9r\u00eat et r\u00e9aliser des \u00e9tudes de march\u00e9. Vous pouvez d\u00e9sactiver ces fonctionnalit\u00e9s, comme JavaScript, via votre navigateur (veuillez consulter l&#039;aide de votre navigateur). Notez que si vous d\u00e9sactivez ces fonctionnalit\u00e9s, le site web pourrait ne pas fonctionner correctement.<\/p>\n\n\n\n<p><strong>Vie priv\u00e9e<\/strong><\/p>\n\n\n\n<p>Nous nous engageons \u00e0 appliquer de bonnes pratiques en mati\u00e8re de confidentialit\u00e9. Pour plus d&#039;informations sur notre approche en mati\u00e8re de confidentialit\u00e9, veuillez consulter notre&nbsp;<a href=\"https:\/\/www.cretan-gastronomy.com\/fr\/privacy-policy\/\" data-type=\"page\" data-id=\"7397\">politique de confidentialit\u00e9<\/a>.<\/p>\n\n\n\n<p>Responsable des r\u00e9clamations \/ de la protection des donn\u00e9es : Si vous avez des questions ou des pr\u00e9occupations concernant le traitement de vos informations dont nous disposons, vous pouvez envoyer un e-mail \u00e0 notre responsable des r\u00e9clamations \u00e0 l&#039;adresse suivante :<br><br>ETHOMO Gastronomie cr\u00e9toise,<br>50 Andrea Papandreou Amoudara, H\u00e9raklion,<br>e-mail:\u00a0<a href=\"mailto:info@cretan-gastronomy.com\">info@cretan-gastronomy.com<\/a><br><br>Nous r\u00e9pondrons \u00e0 vos pr\u00e9occupations conform\u00e9ment \u00e0 la loi applicable.<\/p>\n\n\n<p>&nbsp;<\/p>","protected":false},"excerpt":{"rendered":"<p>Cookies Policy Last Updated On 19-Dec-2024 Cookies Policy&nbsp;of ETHIMO Cretan Gastronomy RESTAURANT,50 Andrea Papandreou Amoudara, Heraklion,Crete71414,Greece,email: info@cretan-gastonomy.com,phone: +302810372700 This Cookies Policy provides information regarding the use of Cookies and Similar Technologies by the hotel\u2019s website. It also describes what kind of choices you may have regarding Cookies and Similar Technologies. This Cookie Policy is part [&hellip;]<\/p>\n","protected":false},"author":2,"featured_media":0,"parent":0,"menu_order":0,"comment_status":"closed","ping_status":"closed","template":"","meta":{"footnotes":""},"class_list":["post-7503","page","type-page","status-publish","hentry"],"_links":{"self":[{"href":"https:\/\/www.cretan-gastronomy.com\/fr\/wp-json\/wp\/v2\/pages\/7503","targetHints":{"allow":["GET"]}}],"collection":[{"href":"https:\/\/www.cretan-gastronomy.com\/fr\/wp-json\/wp\/v2\/pages"}],"about":[{"href":"https:\/\/www.cretan-gastronomy.com\/fr\/wp-json\/wp\/v2\/types\/page"}],"author":[{"embeddable":true,"href":"https:\/\/www.cretan-gastronomy.com\/fr\/wp-json\/wp\/v2\/users\/2"}],"replies":[{"embeddable":true,"href":"https:\/\/www.cretan-gastronomy.com\/fr\/wp-json\/wp\/v2\/comments?post=7503"}],"version-history":[{"count":0,"href":"https:\/\/www.cretan-gastronomy.com\/fr\/wp-json\/wp\/v2\/pages\/7503\/revisions"}],"wp:attachment":[{"href":"https:\/\/www.cretan-gastronomy.com\/fr\/wp-json\/wp\/v2\/media?parent=7503"}],"curies":[{"name":"wp","href":"https:\/\/api.w.org\/{rel}","templated":true}]}}