{"id":7397,"date":"2025-01-16T18:19:00","date_gmt":"2025-01-16T18:19:00","guid":{"rendered":"https:\/\/www.cretan-gastronomy.com\/?page_id=7397"},"modified":"2025-02-02T16:33:51","modified_gmt":"2025-02-02T16:33:51","slug":"privacy-policy","status":"publish","type":"page","link":"https:\/\/www.cretan-gastronomy.com\/pl\/privacy-policy\/","title":{"rendered":"Polityka prywatno\u015bci"},"content":{"rendered":"<h2 class=\"wp-block-heading\">Polityka prywatno\u015bci<\/h2>\n\n\n\n<p><em>Ostatnia aktualizacja 25-01-2025<\/em><\/p>\n\n\n\n<p>Ten <strong>Polityka prywatno\u015bci<\/strong> opisuje zasady<\/p>\n\n\n\n<p><strong>Ethimo Krete\u0144ska Gastronomia<\/strong>,<br>50 Andrea Papandreou Amoudara,<br>71414 Heraklion, Kreta<br>Grecja<br>e-mail: <a href=\"mailto:info@cretan-gastronomy.com\">info@cretan-gastronomy.com<\/a>\u00a0 <br>telefon: <a href=\"tel:+302810372700\">+302810372700<\/a><\/p>\n\n\n\n<p>w sprawie gromadzenia, wykorzystywania i ujawniania Twoich danych, kt\u00f3re zbieramy, gdy korzystasz z naszej strony internetowej (<a href=\"https:\/\/www.cretan-gastronomy.com\/pl\/\">https:\/\/www.cretan-gastronomy.com<\/a>). (dalej \u201eUs\u0142uga\u201d). Uzyskuj\u0105c dost\u0119p do Us\u0142ugi lub korzystaj\u0105c z niej, wyra\u017casz zgod\u0119 na gromadzenie, wykorzystywanie i ujawnianie Twoich danych zgodnie z niniejsz\u0105 Polityk\u0105 prywatno\u015bci. Je\u015bli nie wyra\u017casz na to zgody, nie uzyskuj dost\u0119pu do Us\u0142ugi ani z niej nie korzystaj.<\/p>\n\n\n\n<p>Mo\u017cemy modyfikowa\u0107 t\u0119 Polityk\u0119 prywatno\u015bci w dowolnym momencie bez wcze\u015bniejszego powiadomienia i opublikujemy zmienion\u0105 Polityk\u0119 prywatno\u015bci w Serwisie. Zmieniona Polityka b\u0119dzie obowi\u0105zywa\u0107 180 dni od momentu opublikowania zmienionej Polityki w Serwisie, a Tw\u00f3j dalszy dost\u0119p lub korzystanie z Us\u0142ugi po tym czasie b\u0119dzie stanowi\u0107 Twoj\u0105 akceptacj\u0119 zmienionej Polityki prywatno\u015bci. Dlatego zalecamy okresowe przegl\u0105danie tej strony.<\/p>\n\n\n\n<p><strong>Informacje, kt\u00f3re zbieramy:<\/strong><\/p>\n\n\n\n<p>B\u0119dziemy zbiera\u0107 i przetwarza\u0107 nast\u0119puj\u0105ce dane osobowe na Tw\u00f3j temat:<\/p>\n\n\n\n<ol class=\"wp-block-list\">\n<li>\n<ol class=\"wp-block-list\">\n<li>Nazwa<\/li>\n\n\n\n<li>E-mail<\/li>\n<\/ol>\n<\/li>\n\n\n\n<li>\u00a0<\/li>\n\n\n\n<li><strong>W jaki spos\u00f3b wykorzystujemy Twoje dane:<\/strong><\/li>\n<\/ol>\n\n\n\n<p>Informacje, kt\u00f3re o Tobie zbieramy, wykorzystamy w nast\u0119puj\u0105cych celach:<\/p>\n\n\n\n<ol class=\"wp-block-list\">\n<li>\n<ol class=\"wp-block-list\">\n<li>Marketing\/Promocja<\/li>\n\n\n\n<li>Referencje<\/li>\n\n\n\n<li>Zbieranie opinii klient\u00f3w<\/li>\n\n\n\n<li>Przetwarzanie p\u0142atno\u015bci<\/li>\n\n\n\n<li>Ochrona witryny<\/li>\n<\/ol>\n<\/li>\n<\/ol>\n\n\n\n<p>Je\u017celi b\u0119dziemy chcieli wykorzysta\u0107 Twoje dane w innym celu, poprosimy Ci\u0119 o zgod\u0119 i wykorzystamy je wy\u0142\u0105cznie po uzyskaniu Twojej zgody i wy\u0142\u0105cznie w celu lub celach, na kt\u00f3re udzielono zgody, chyba \u017ce prawo wymaga od nas innego post\u0119powania.<\/p>\n\n\n\n<p><strong>W jaki spos\u00f3b udost\u0119pniamy Twoje dane:<\/strong><\/p>\n\n\n\n<p>Nie przeka\u017cemy Twoich danych osobowych \u017cadnej osobie trzeciej bez Twojej zgody, z wyj\u0105tkiem ograniczonych okoliczno\u015bci opisanych poni\u017cej:<\/p>\n\n\n\n<ol class=\"wp-block-list\">\n<li>\n<ol class=\"wp-block-list\">\n<li>Us\u0142uga reklamowa<\/li>\n\n\n\n<li>Analityka<\/li>\n<\/ol>\n<\/li>\n<\/ol>\n\n\n\n<p>Wymagamy, aby osoby trzecie wykorzystywa\u0142y przekazane im przez nas dane osobowe wy\u0142\u0105cznie do cel\u00f3w, w jakich zosta\u0142y przekazane, i nie przechowywa\u0142y ich d\u0142u\u017cej ni\u017c jest to konieczne do realizacji wspomnianego celu.<\/p>\n\n\n\n<p>Mo\u017cemy r\u00f3wnie\u017c ujawni\u0107 Twoje dane osobowe w nast\u0119puj\u0105cych celach: (1) w celu przestrzegania obowi\u0105zuj\u0105cego prawa, przepis\u00f3w, nakazu s\u0105dowego lub innego procesu prawnego; (2) w celu wyegzekwowania Twoich um\u00f3w z nami, w tym niniejszej Polityki prywatno\u015bci; lub (3) w celu odpowiedzi na roszczenia, \u017ce Twoje korzystanie z Us\u0142ugi narusza prawa os\u00f3b trzecich. Je\u015bli Us\u0142uga lub nasza firma zostan\u0105 po\u0142\u0105czone lub przej\u0119te przez inn\u0105 firm\u0119, Twoje dane b\u0119d\u0105 jednym z aktyw\u00f3w, kt\u00f3re zostan\u0105 przeniesione na nowego w\u0142a\u015bciciela.<\/p>\n\n\n\n<p><strong>Przechowywanie Twoich danych:<\/strong><\/p>\n\n\n\n<p>B\u0119dziemy przechowywa\u0107 Twoje dane osobowe przez okres od 90 dni do 2 lat po tym, jak konta u\u017cytkownik\u00f3w pozostan\u0105 nieaktywne lub tak d\u0142ugo, jak b\u0119dzie to konieczne do realizacji cel\u00f3w, dla kt\u00f3rych zosta\u0142y zebrane, zgodnie ze szczeg\u00f3\u0142owymi informacjami w niniejszej Polityce prywatno\u015bci. Mo\u017cemy potrzebowa\u0107 przechowywa\u0107 pewne informacje przez d\u0142u\u017cszy okres, na przyk\u0142ad w celu prowadzenia dokumentacji\/raportowania zgodnie z obowi\u0105zuj\u0105cym prawem lub z innych uzasadnionych powod\u00f3w, takich jak egzekwowanie prawnych uprawnie\u0144, zapobieganie oszustwom itp. Pozosta\u0142e anonimowe informacje i informacje zbiorcze, z kt\u00f3rych \u017cadna nie identyfikuje Ci\u0119 (bezpo\u015brednio lub po\u015brednio), mog\u0105 by\u0107 przechowywane bezterminowo.<\/p>\n\n\n\n<p><strong>Twoje prawa:<\/strong><\/p>\n\n\n\n<p>W zale\u017cno\u015bci od obowi\u0105zuj\u0105cego prawa mo\u017cesz mie\u0107 prawo do dost\u0119pu, sprostowania lub usuni\u0119cia swoich danych osobowych lub otrzymania kopii swoich danych osobowych, ograniczenia lub sprzeciwu wobec aktywnego przetwarzania swoich danych, poproszenia nas o udost\u0119pnienie (przeniesienie) Twoich danych osobowych innemu podmiotowi, wycofania wszelkich zg\u00f3d, kt\u00f3re nam udzieli\u0142e\u015b na przetwarzanie Twoich danych, prawo do z\u0142o\u017cenia skargi do organu ustawowego i takie inne prawa, kt\u00f3re mog\u0105 by\u0107 istotne na mocy obowi\u0105zuj\u0105cych przepis\u00f3w. Aby skorzysta\u0107 z tych praw, mo\u017cesz napisa\u0107 do nas na adres:<br><a href=\"mailto:info@cretan-gastronomy.com\">\u00a0<a href=\"mailto:info@cretan-gastronomy.com\">info@cretan-gastronomy.com<\/a><\/a><\/p>\n\n\n\n<p>Odpowiemy na Twoje zapytanie zgodnie z obowi\u0105zuj\u0105cym prawem.<\/p>\n\n\n\n<p>Mo\u017cesz zrezygnowa\u0107 z otrzymywania komunikat\u00f3w marketingu bezpo\u015bredniego lub profilowania, kt\u00f3re wykonujemy w celach marketingowych, pisz\u0105c do nas na adres\u00a0<a href=\"mailto:info@cretan-gastronomy.com\"><a href=\"mailto:info@alsusboutiquehotel.com\">info@cretan-gastronomy.com<\/a><\/a>\u00a0<\/p>\n\n\n\n<p>Nale\u017cy pami\u0119ta\u0107, \u017ce je\u015bli nie wyrazisz zgody na zbieranie lub przetwarzanie wymaganych danych osobowych lub wycofasz zgod\u0119 na przetwarzanie ich w wymaganych celach, mo\u017cesz nie mie\u0107 dost\u0119pu do us\u0142ug, w zwi\u0105zku z kt\u00f3rymi Twoje dane zosta\u0142y pozyskane, lub nie b\u0119dziesz m\u00f3g\u0142 z nich korzysta\u0107.<\/p>\n\n\n\n<p><strong>Ciasteczka itp.<\/strong><\/p>\n\n\n\n<p>Aby dowiedzie\u0107 si\u0119 wi\u0119cej o tym, jak je wykorzystujemy i jakie masz mo\u017cliwo\u015bci wyboru w zwi\u0105zku z tymi dzia\u0142aniami \u015bledz\u0105cymi<br>technologii, prosimy zapozna\u0107 si\u0119 z nasz\u0105\u00a0<a href=\"https:\/\/www.cretan-gastronomy.com\/pl\/cookies-policy\/\">Polityka plik\u00f3w cookie<\/a><\/p>\n\n\n\n<p><strong>Bezpiecze\u0144stwo:<\/strong><\/p>\n\n\n\n<p>Bezpiecze\u0144stwo Twoich informacji jest dla nas wa\u017cne i b\u0119dziemy stosowa\u0107 rozs\u0105dne \u015brodki bezpiecze\u0144stwa, aby zapobiec utracie, niew\u0142a\u015bciwemu u\u017cyciu lub nieautoryzowanej zmianie Twoich informacji znajduj\u0105cych si\u0119 pod nasz\u0105 kontrol\u0105. Jednak bior\u0105c pod uwag\u0119 nieod\u0142\u0105czne ryzyko, nie mo\u017cemy zagwarantowa\u0107 absolutnego bezpiecze\u0144stwa, a co za tym idzie, nie mo\u017cemy zapewni\u0107 ani zagwarantowa\u0107 bezpiecze\u0144stwa \u017cadnych informacji, kt\u00f3re nam przekazujesz, a robisz to na w\u0142asne ryzyko.<\/p>\n\n\n\n<p><strong>Skarga \/ Inspektor Ochrony Danych:<\/strong><\/p>\n\n\n\n<p>Je\u015bli masz jakiekolwiek pytania lub w\u0105tpliwo\u015bci dotycz\u0105ce przetwarzania Twoich danych, kt\u00f3re s\u0105 u nas dost\u0119pne, mo\u017cesz wys\u0142a\u0107 wiadomo\u015b\u0107 e-mail do naszego Specjalisty ds. Skarg pod adresem<\/p>\n\n\n\n<p>Hotel butikowy Alsus,<br>50 Andrea Papandreou Amoudara, Heraklion,<br>e-mail:\u00a0<a href=\"mailto:info@cretan-gastronomy.com\">info@cretan-gastronomy.com<\/a><\/p>\n\n\n\n<p>Rozpatrzymy Twoje w\u0105tpliwo\u015bci zgodnie z obowi\u0105zuj\u0105cym prawem<\/p>\n\n\n<p>&nbsp;<\/p>","protected":false},"excerpt":{"rendered":"<p>Privacy Policy Last Updated On 25-Jan-2025 This Privacy Policy describes the policies of Ethimo Cretan Gastronomy,50 Andrea Papandreou Amoudara,71414 Heraklion, CreteGreeceemail: info@cretan-gastronomy.com\u00a0 phone: +302810372700 on the collection, use and disclosure of your information that we collect when you use our website (https:\/\/www.cretan-gastronomy.com). (the \u201cService\u201d). By accessing or using the Service, you are consenting to the [&hellip;]<\/p>\n","protected":false},"author":1,"featured_media":0,"parent":0,"menu_order":0,"comment_status":"closed","ping_status":"closed","template":"","meta":{"footnotes":""},"class_list":["post-7397","page","type-page","status-publish","hentry"],"_links":{"self":[{"href":"https:\/\/www.cretan-gastronomy.com\/pl\/wp-json\/wp\/v2\/pages\/7397","targetHints":{"allow":["GET"]}}],"collection":[{"href":"https:\/\/www.cretan-gastronomy.com\/pl\/wp-json\/wp\/v2\/pages"}],"about":[{"href":"https:\/\/www.cretan-gastronomy.com\/pl\/wp-json\/wp\/v2\/types\/page"}],"author":[{"embeddable":true,"href":"https:\/\/www.cretan-gastronomy.com\/pl\/wp-json\/wp\/v2\/users\/1"}],"replies":[{"embeddable":true,"href":"https:\/\/www.cretan-gastronomy.com\/pl\/wp-json\/wp\/v2\/comments?post=7397"}],"version-history":[{"count":0,"href":"https:\/\/www.cretan-gastronomy.com\/pl\/wp-json\/wp\/v2\/pages\/7397\/revisions"}],"wp:attachment":[{"href":"https:\/\/www.cretan-gastronomy.com\/pl\/wp-json\/wp\/v2\/media?parent=7397"}],"curies":[{"name":"wp","href":"https:\/\/api.w.org\/{rel}","templated":true}]}}