{"id":4091,"date":"2023-11-08T07:29:17","date_gmt":"2023-11-08T07:29:17","guid":{"rendered":"https:\/\/demo.7iquid.tech\/basilico\/luxury\/?page_id=4091"},"modified":"2023-11-08T07:29:17","modified_gmt":"2023-11-08T07:29:17","slug":"faqs","status":"publish","type":"page","link":"https:\/\/www.cretan-gastronomy.com\/sv\/faqs\/","title":{"rendered":"Vanliga fr\u00e5gor"},"content":{"rendered":"<div data-elementor-type=\"wp-page\" data-elementor-id=\"4091\" class=\"elementor elementor-4091\">\n\t\t\t\t        <section class=\"elementor-section elementor-top-section elementor-element elementor-element-4020022 elementor-section-boxed elementor-section-height-default elementor-section-height-default pxl-section-static-pos-no pxl-section-overflow-hidden-no\" data-id=\"4020022\" data-element_type=\"section\" data-e-type=\"section\">\n\n                \n                <div class=\"elementor-container elementor-column-gap-default\">\n                <div class=\"elementor-column elementor-col-100 elementor-top-column elementor-element elementor-element-c72a562 pxl-column-element-default pxl-column-fullwidth-no\" data-id=\"c72a562\" data-element_type=\"column\" data-e-type=\"column\">\r\n        <div class=\"elementor-widget-wrap elementor-element-populated\">\r\n                    \t\t<div class=\"elementor-element elementor-element-54cb2d6 elementor-widget elementor-widget-pxl_accordion\" data-id=\"54cb2d6\" data-element_type=\"widget\" data-e-type=\"widget\" data-widget_type=\"pxl_accordion.default\">\n\t\t\t\t<div class=\"elementor-widget-container\">\n\t\t\t\t\t<div id=\"pxl_accordion-54cb2d6-6821\" class=\"pxl-accordion style1\">\n            <div class=\"pxl-ac-item elementor-repeater-item-245a61e active\">\n            <div class=\"pxl-ac-title active\" data-target=\"#245a61epxl_accordion-54cb2d6-6821\">\n                <span class=\"pxl-ac-title-text\">Hur g\u00f6r jag en bokning?<\/span>\n            <\/div>\n            <div id=\"245a61epxl_accordion-54cb2d6-6821\" class=\"pxl-ac-content\" style=\"display:block;\">\n                <div class=\"pxl-ac-content-inner\">\n                    <p>Vi accepterar endast bokningar online via v\u00e5r onlinebokningsdagbok. N\u00e4r du har slutf\u00f6rt en bokning f\u00e5r du ett bekr\u00e4ftelsemejl med mycket anv\u00e4ndbar information om ditt bes\u00f6k. Om du inte f\u00e5r ett bekr\u00e4ftelsemejl inom 24 timmar efter att du gjort din bokning, v\u00e4nligen kontakta restaurangen direkt s\u00e5 att vi kan se till att din bokning finns i v\u00e5rt system.<\/p><p>F\u00f6r grupper st\u00f6rre \u00e4n 6 personer, v\u00e4nligen ring restaurangen direkt p\u00e5 (+44) 1434 681232 d\u00e4r n\u00e5gon kan diskutera alternativen som finns tillg\u00e4ngliga f\u00f6r st\u00f6rre grupper.<\/p>                <\/div>\n            <\/div>\n        <\/div>\n                <div class=\"pxl-ac-item elementor-repeater-item-058d8f6\">\n            <div class=\"pxl-ac-title\" data-target=\"#058d8f6pxl_accordion-54cb2d6-6821\">\n                <span class=\"pxl-ac-title-text\">Vilka \u00e4r era avbokningsregler?<\/span>\n            <\/div>\n            <div id=\"058d8f6pxl_accordion-54cb2d6-6821\" class=\"pxl-ac-content\">\n                <div class=\"pxl-ac-content-inner\">\n                    <p>Vi accepterar endast bokningar online via v\u00e5r onlinebokningsdagbok. N\u00e4r du har slutf\u00f6rt en bokning f\u00e5r du ett bekr\u00e4ftelsemejl med mycket anv\u00e4ndbar information om ditt bes\u00f6k. Om du inte f\u00e5r ett bekr\u00e4ftelsemejl inom 24 timmar efter att du gjort din bokning, v\u00e4nligen kontakta restaurangen direkt s\u00e5 att vi kan se till att din bokning finns i v\u00e5rt system.<\/p><p>F\u00f6r grupper st\u00f6rre \u00e4n 6 personer, v\u00e4nligen ring restaurangen direkt p\u00e5 (+44) 1434 681232 d\u00e4r n\u00e5gon kan diskutera alternativen som finns tillg\u00e4ngliga f\u00f6r st\u00f6rre grupper.<\/p>                <\/div>\n            <\/div>\n        <\/div>\n                <div class=\"pxl-ac-item elementor-repeater-item-73eb793\">\n            <div class=\"pxl-ac-title\" data-target=\"#73eb793pxl_accordion-54cb2d6-6821\">\n                <span class=\"pxl-ac-title-text\">Vilken sorts mat serveras p\u00e5 basilikan?<\/span>\n            <\/div>\n            <div id=\"73eb793pxl_accordion-54cb2d6-6821\" class=\"pxl-ac-content\">\n                <div class=\"pxl-ac-content-inner\">\n                    <p>Vi accepterar endast bokningar online via v\u00e5r onlinebokningsdagbok. N\u00e4r du har slutf\u00f6rt en bokning f\u00e5r du ett bekr\u00e4ftelsemejl med mycket anv\u00e4ndbar information om ditt bes\u00f6k. Om du inte f\u00e5r ett bekr\u00e4ftelsemejl inom 24 timmar efter att du gjort din bokning, v\u00e4nligen kontakta restaurangen direkt s\u00e5 att vi kan se till att din bokning finns i v\u00e5rt system.<\/p><p>F\u00f6r grupper st\u00f6rre \u00e4n 6 personer, v\u00e4nligen ring restaurangen direkt p\u00e5 (+44) 1434 681232 d\u00e4r n\u00e5gon kan diskutera alternativen som finns tillg\u00e4ngliga f\u00f6r st\u00f6rre grupper.<\/p>                <\/div>\n            <\/div>\n        <\/div>\n                <div class=\"pxl-ac-item elementor-repeater-item-cec79e3\">\n            <div class=\"pxl-ac-title\" data-target=\"#cec79e3pxl_accordion-54cb2d6-6821\">\n                <span class=\"pxl-ac-title-text\">Tillgodoser ni s\u00e4rskilda kostbehov?<\/span>\n            <\/div>\n            <div id=\"cec79e3pxl_accordion-54cb2d6-6821\" class=\"pxl-ac-content\">\n                <div class=\"pxl-ac-content-inner\">\n                    <p>Vi accepterar endast bokningar online via v\u00e5r onlinebokningsdagbok. N\u00e4r du har slutf\u00f6rt din bokning f\u00e5r du ett bekr\u00e4ftelsemejl med mycket anv\u00e4ndbar information om ditt bes\u00f6k. Om du inte f\u00e5r ett bekr\u00e4ftelsemejl inom 24 timmar efter att du gjort din bokning, v\u00e4nligen kontakta restaurangen direkt s\u00e5 att vi kan se till att din bokning finns i v\u00e5rt system. F\u00f6r grupper st\u00f6rre \u00e4n 6 personer, v\u00e4nligen ring restaurangen direkt p\u00e5 (+44) 1434 681232 s\u00e5 kan n\u00e5gon diskutera alternativen som finns tillg\u00e4ngliga f\u00f6r st\u00f6rre grupper.<\/p>                <\/div>\n            <\/div>\n        <\/div>\n                <div class=\"pxl-ac-item elementor-repeater-item-2ad60db\">\n            <div class=\"pxl-ac-title\" data-target=\"#2ad60dbpxl_accordion-54cb2d6-6821\">\n                <span class=\"pxl-ac-title-text\">Beh\u00f6ver jag boka en taxi i f\u00f6rv\u00e4g?<\/span>\n            <\/div>\n            <div id=\"2ad60dbpxl_accordion-54cb2d6-6821\" class=\"pxl-ac-content\">\n                <div class=\"pxl-ac-content-inner\">\n                    <p>Vi accepterar endast bokningar online via v\u00e5r onlinebokningsdagbok. N\u00e4r du har slutf\u00f6rt din bokning f\u00e5r du ett bekr\u00e4ftelsemejl med mycket anv\u00e4ndbar information om ditt bes\u00f6k. Om du inte f\u00e5r ett bekr\u00e4ftelsemejl inom 24 timmar efter att du gjort din bokning, v\u00e4nligen kontakta restaurangen direkt s\u00e5 att vi kan se till att din bokning finns i v\u00e5rt system. F\u00f6r grupper st\u00f6rre \u00e4n 6 personer, v\u00e4nligen ring restaurangen direkt p\u00e5 (+44) 1434 681232 s\u00e5 kan n\u00e5gon diskutera alternativen som finns tillg\u00e4ngliga f\u00f6r st\u00f6rre grupper.<\/p>                <\/div>\n            <\/div>\n        <\/div>\n                <div class=\"pxl-ac-item elementor-repeater-item-0e9907a\">\n            <div class=\"pxl-ac-title\" data-target=\"#0e9907apxl_accordion-54cb2d6-6821\">\n                <span class=\"pxl-ac-title-text\">Hur l\u00e4nge varar en avsmakningsmeny?<\/span>\n            <\/div>\n            <div id=\"0e9907apxl_accordion-54cb2d6-6821\" class=\"pxl-ac-content\">\n                <div class=\"pxl-ac-content-inner\">\n                    <p>Vi accepterar endast bokningar online via v\u00e5r onlinebokningsdagbok. N\u00e4r du har slutf\u00f6rt din bokning f\u00e5r du ett bekr\u00e4ftelsemejl med mycket anv\u00e4ndbar information om ditt bes\u00f6k. Om du inte f\u00e5r ett bekr\u00e4ftelsemejl inom 24 timmar efter att du gjort din bokning, v\u00e4nligen kontakta restaurangen direkt s\u00e5 att vi kan se till att din bokning finns i v\u00e5rt system. F\u00f6r grupper st\u00f6rre \u00e4n 6 personer, v\u00e4nligen ring restaurangen direkt p\u00e5 (+44) 1434 681232 s\u00e5 kan n\u00e5gon diskutera alternativen som finns tillg\u00e4ngliga f\u00f6r st\u00f6rre grupper.<\/p>                <\/div>\n            <\/div>\n        <\/div>\n        <\/div>\n\t\t\t\t<\/div>\n\t\t\t\t<\/div>\n\t\t                    <\/div>\r\n        <\/div>\r\n        \t\t\t<\/div>\n\t\t<\/section>\n\t\t        <section class=\"elementor-section elementor-top-section elementor-element elementor-element-affe559 elementor-section-boxed elementor-section-height-default elementor-section-height-default pxl-section-static-pos-no pxl-section-overflow-hidden-no\" data-id=\"affe559\" data-element_type=\"section\" data-e-type=\"section\">\n\n                \n                <div class=\"elementor-container elementor-column-gap-default\">\n                <div class=\"elementor-column elementor-col-100 elementor-top-column elementor-element elementor-element-0051e7d pxl-column-element-default pxl-column-fullwidth-no\" data-id=\"0051e7d\" data-element_type=\"column\" data-e-type=\"column\">\r\n        <div class=\"elementor-widget-wrap elementor-element-populated\">\r\n                    \t\t<div class=\"elementor-element elementor-element-28395ec elementor-widget elementor-widget-spacer\" data-id=\"28395ec\" data-element_type=\"widget\" data-e-type=\"widget\" data-widget_type=\"spacer.default\">\n\t\t\t\t<div class=\"elementor-widget-container\">\n\t\t\t\t\t\t\t<div class=\"elementor-spacer\">\n\t\t\t<div class=\"elementor-spacer-inner\"><\/div>\n\t\t<\/div>\n\t\t\t\t\t\t<\/div>\n\t\t\t\t<\/div>\n\t\t                    <\/div>\r\n        <\/div>\r\n        \t\t\t<\/div>\n\t\t<\/section>\n\t\t        <section class=\"elementor-section elementor-top-section elementor-element elementor-element-a7ad8cc elementor-section-boxed elementor-section-height-default elementor-section-height-default pxl-section-static-pos-no pxl-section-overflow-hidden-no\" data-id=\"a7ad8cc\" data-element_type=\"section\" data-e-type=\"section\" data-settings=\"{&quot;background_background&quot;:&quot;classic&quot;}\">\n\n                            <div class=\"elementor-background-overlay\"><\/div>\n            \n                <div class=\"elementor-container elementor-column-gap-default\">\n                <div class=\"elementor-column elementor-col-100 elementor-top-column elementor-element elementor-element-7fd75ca pxl-column-element-default pxl-column-fullwidth-no\" data-id=\"7fd75ca\" data-element_type=\"column\" data-e-type=\"column\">\r\n        <div class=\"elementor-widget-wrap elementor-element-populated\">\r\n                    \t\t<div class=\"elementor-element elementor-element-1049528 pxl-heading-align-center pxl-heading-layout-1 elementor-widget elementor-widget-pxl_heading\" data-id=\"1049528\" data-element_type=\"widget\" data-e-type=\"widget\" data-widget_type=\"pxl_heading.default\">\n\t\t\t\t<div class=\"elementor-widget-container\">\n\t\t\t\t\t<div class=\"pxl-heading-wrap d-flex layout1\">\n    <div class=\"pxl-heading-inner\">\n                        <h2 class=\"heading-title\">\n                        St\u00e4ll en fr\u00e5ga till oss<br \/>\n                    <\/h2>\n            <\/div>\n<\/div>\t\t\t\t<\/div>\n\t\t\t\t<\/div>\n\t\t\t\t<div class=\"elementor-element elementor-element-1a48605 elementor-widget elementor-widget-pxl_text_editor\" data-id=\"1a48605\" data-element_type=\"widget\" data-e-type=\"widget\" data-widget_type=\"pxl_text_editor.default\">\n\t\t\t\t<div class=\"elementor-widget-container\">\n\t\t\t\t\t<div id=\"pxl_text_editor-1a48605-4442\" class=\"pxl-text-editor-wrap d-flex\" >\n    <div class=\"pxl-text-editor elementor-clearfix\">\n        <p>Om du inte hittar svaret du letar efter, st\u00e4ll en fr\u00e5ga till oss, vi svarar g\u00e4rna p\u00e5 alla dina fr\u00e5gor.<br \/>Vi svarar p\u00e5 dina fr\u00e5gor inom 24 timmar via e-post<\/p>    <\/div>\n<\/div>\t\t\t\t<\/div>\n\t\t\t\t<\/div>\n\t\t\t\t<div class=\"elementor-element elementor-element-293d172 elementor-align-center elementor-widget elementor-widget-pxl_button\" data-id=\"293d172\" data-element_type=\"widget\" data-e-type=\"widget\" data-widget_type=\"pxl_button.default\">\n\t\t\t\t<div class=\"elementor-widget-container\">\n\t\t\t\t\t<div id=\"pxl_button-293d172-8290\" class=\"pxl-button-wrapper d-flex pxl-button-layout1\">\n    <a href=\"https:\/\/www.cretan-gastronomy.com\/sv\/contact-us\/\" class=\"btn btn-additional-3 icon-ps-right\">\n                <span class=\"pxl-button-text\" data-text=\"contact us\">kontakta oss<\/span>\n            <\/a>\n<\/div>\t\t\t\t<\/div>\n\t\t\t\t<\/div>\n\t\t                    <\/div>\r\n        <\/div>\r\n        \t\t\t<\/div>\n\t\t<\/section>\n\t\t\t\t<\/div>","protected":false},"excerpt":{"rendered":"<p>How do I make a Booking? We accept bookings online through our online booking diary only. On completion of a booking you will receive a confirmation email with lots of useful information about your visit. If you do not receive a confirmation email within 24 hours of making your booking please contact the restaurant directly [&hellip;]<\/p>\n","protected":false},"author":1,"featured_media":0,"parent":0,"menu_order":0,"comment_status":"closed","ping_status":"closed","template":"","meta":{"footnotes":""},"class_list":["post-4091","page","type-page","status-publish","hentry"],"_links":{"self":[{"href":"https:\/\/www.cretan-gastronomy.com\/sv\/wp-json\/wp\/v2\/pages\/4091","targetHints":{"allow":["GET"]}}],"collection":[{"href":"https:\/\/www.cretan-gastronomy.com\/sv\/wp-json\/wp\/v2\/pages"}],"about":[{"href":"https:\/\/www.cretan-gastronomy.com\/sv\/wp-json\/wp\/v2\/types\/page"}],"author":[{"embeddable":true,"href":"https:\/\/www.cretan-gastronomy.com\/sv\/wp-json\/wp\/v2\/users\/1"}],"replies":[{"embeddable":true,"href":"https:\/\/www.cretan-gastronomy.com\/sv\/wp-json\/wp\/v2\/comments?post=4091"}],"version-history":[{"count":0,"href":"https:\/\/www.cretan-gastronomy.com\/sv\/wp-json\/wp\/v2\/pages\/4091\/revisions"}],"wp:attachment":[{"href":"https:\/\/www.cretan-gastronomy.com\/sv\/wp-json\/wp\/v2\/media?parent=4091"}],"curies":[{"name":"wp","href":"https:\/\/api.w.org\/{rel}","templated":true}]}}