{"id":7503,"date":"2025-02-02T16:25:20","date_gmt":"2025-02-02T16:25:20","guid":{"rendered":"https:\/\/www.cretan-gastronomy.com\/?page_id=7503"},"modified":"2025-02-02T18:02:54","modified_gmt":"2025-02-02T18:02:54","slug":"cookies-policy","status":"publish","type":"page","link":"https:\/\/www.cretan-gastronomy.com\/sv\/cookies-policy\/","title":{"rendered":"Cookiepolicy"},"content":{"rendered":"<h2 class=\"wp-block-heading\">Cookiepolicy<\/h2>\n\n\n\n<p><em>Senast uppdaterad 19 december 2024<\/em><\/p>\n\n\n\n<p><strong>Cookiepolicy<\/strong>&nbsp;av <strong>ETHIMO kretensisk gastronomi RESTAURANG<\/strong>,<br>50 Andrea Papandreou Amoudara, Heraklion,<br>Kreta<br>71414,<br>Grekland,<br>e-post: <a href=\"mailto:info@cretan-gastonomy.com\">info@cretan-gastonomy.com<\/a>,<br>telefon: +302810372700<\/p>\n\n\n\n<p>Denna cookiepolicy ger information om anv\u00e4ndningen av cookies och liknande tekniker p\u00e5 hotellets webbplats. Den beskriver ocks\u00e5 vilka val du kan ha g\u00e4llande cookies och liknande tekniker.<\/p>\n\n\n\n<p>Denna cookiepolicy \u00e4r en del av och inf\u00f6rlivad i webbplatsens anv\u00e4ndarvillkor och kan komma att \u00e4ndras fr\u00e5n tid till annan. Det rekommenderas att du regelbundet kontrollerar cookiepolicyn f\u00f6r att h\u00e5lla dig informerad om eventuella \u00e4ndringar. Relevanta meddelanden om v\u00e4sentliga \u00e4ndringar kan ocks\u00e5 visas p\u00e5 webbplatsen. Genom att bes\u00f6ka webbplatsen godk\u00e4nner du att acceptera eventuella \u00e4ndringar som g\u00f6rs i denna policy.<\/p>\n\n\n\n<p><strong>Vilka kakor \u00e4r det?<\/strong><\/p>\n\n\n\n<p>Cookies \u00e4r sm\u00e5 textfiler \u2013 vanligtvis best\u00e5ende av bokst\u00e4ver och siffror \u2013 som lagras p\u00e5 din enhet av en webbserver.<\/p>\n\n\n\n<p>Kakor delas in i &quot;Sessions-kakor&quot; och &quot;Permanenta kakor&quot; beroende p\u00e5 hur l\u00e4nge de lagras p\u00e5 din enhet. &quot;Sessions-kakor&quot; lagras p\u00e5 din enhet n\u00e4r du bes\u00f6ker webbplatsen och raderas automatiskt efter att du st\u00e4nger webbl\u00e4saren. &quot;Permanenta kakor&quot; lagras p\u00e5 din enhet n\u00e4r du bes\u00f6ker webbplatsen och f\u00f6rblir lagrade efter att webbl\u00e4saren st\u00e4ngts. &quot;Permanenta kakor&quot; \u00e5teraktiveras automatiskt n\u00e4r du \u00f6ppnar din webbl\u00e4sare och surfar p\u00e5 internet.<\/p>\n\n\n\n<p>F\u00f6rstapartscookies och tredjepartscookies \u2013 Beroende p\u00e5 webbplatsen eller dom\u00e4nen som installerar cookien karakteriseras cookies som &quot;f\u00f6rstaparts&quot; eller &quot;tredjeparts&quot;. F\u00f6rstapartscookies \u00e4r i allm\u00e4nhet cookies som installeras av webbplatsen som bes\u00f6ks av anv\u00e4ndaren \u2013 webbplatsen som visas i URL-f\u00f6nstret. Tredjepartscookies \u00e4r cookies som installeras av en annan webbplats (dom\u00e4n) \u00e4n den som bes\u00f6ks av anv\u00e4ndaren. Om anv\u00e4ndaren bes\u00f6ker en webbplats och ett annat f\u00f6retag installerar en cookie via den webbplatsen, kommer cookien i fr\u00e5ga att vara fr\u00e5n en tredje part.<\/p>\n\n\n\n<p><strong>Varf\u00f6r vi anv\u00e4nder cookies<\/strong><\/p>\n\n\n\n<p>Vi anv\u00e4nder cookies f\u00f6r att ge dig b\u00e4sta m\u00f6jliga webbupplevelse. Vissa cookies \u00e4r tekniskt n\u00f6dv\u00e4ndiga f\u00f6r korrekt anv\u00e4ndning av webbplatsen. Andra cookies anv\u00e4nds f\u00f6r att utf\u00f6ra funktioner som reklam och statistik (dvs. hur m\u00e5nga bes\u00f6kare som tittade p\u00e5 specifika sidor p\u00e5 v\u00e5r webbplats).<\/p>\n\n\n\n<p>Vi och\/eller tredje parter som tillhandah\u00e5ller tj\u00e4nster f\u00f6r v\u00e5r r\u00e4kning kategoriserar cookies enligt beskrivningen nedan.<\/p>\n\n\n\n<p>Absolut n\u00f6dv\u00e4ndiga cookies<\/p>\n\n\n\n<p>Dessa cookies \u00e4r absolut n\u00f6dv\u00e4ndiga f\u00f6r att ge dig de tj\u00e4nster du beg\u00e4r via webbplatsen. De \u00e4r n\u00f6dv\u00e4ndiga f\u00f6r att du ska kunna bes\u00f6ka v\u00e5r webbplats och anv\u00e4nda dess funktioner korrekt. Grundl\u00e4ggande funktioner, s\u00e5som f\u00f6ljande, \u00e4r baserade p\u00e5 dessa viktiga cookies:<\/p>\n\n\n\n<p>F\u00f6r att f\u00f6rbli inloggad p\u00e5 webbplatsen,<\/p>\n\n\n\n<p>o Identifiera dina personuppgifter som du anger p\u00e5 webbplatsen vid tidpunkten f\u00f6r dina transaktioner,<\/p>\n\n\n\n<p>o F\u00f6r att skydda s\u00e4kerheten f\u00f6r dina transaktioner genom din omdirigering till tredjepartsbetalningsapplikationer och din \u00e5terkomst till webbplatsen f\u00f6r att slutf\u00f6ra transaktionen,<\/p>\n\n\n\n<p>o H\u00e4mta information om din transaktion efter att den har slutf\u00f6rts och<\/p>\n\n\n\n<p>o I allm\u00e4nhet, f\u00f6r att tillhandah\u00e5lla tj\u00e4nster och information till dig p\u00e5 din beg\u00e4ran<\/p>\n\n\n\n<p>Funktionskakor<\/p>\n\n\n\n<p>Dessa cookies hj\u00e4lper oss att anpassa v\u00e5rt inneh\u00e5ll f\u00f6r dig, tilltala dig med namn och komma ih\u00e5g dina preferenser (till exempel ditt val av ett visst spr\u00e5k eller en viss region). Om du v\u00e4ljer att radera\/inaktivera funktionscookies kommer eventuella preferenser\/inst\u00e4llningar du har valt inte att sparas f\u00f6r dina efterf\u00f6ljande bes\u00f6k p\u00e5 webbplatsen.<\/p>\n\n\n\n<p>Prestandakakor<\/p>\n\n\n\n<p>Dessa cookies samlar in information om hur anv\u00e4ndare anv\u00e4nder webbplatsen f\u00f6r att kunna granska och f\u00f6rb\u00e4ttra webbplatsen och bes\u00f6karens upplevelse. Dessa cookies samlar inte in information som identifierar bes\u00f6karen.<\/p>\n\n\n\n<p>S\u00e5dana cookies samlar in information om:<\/p>\n\n\n\n<p>Sidor som folk bes\u00f6ker oftast,<br>L\u00e4nkar valda av anv\u00e4ndare,<br>Felmeddelanden som anv\u00e4ndare kan f\u00e5 n\u00e4r de surfar p\u00e5 webbplatsen etc.<\/p>\n\n\n\n<p>Tredjepartscookies \/ Marknadsf\u00f6ring<\/p>\n\n\n\n<p>F\u00f6r att ge dig mer intressant inneh\u00e5ll och f\u00f6r att hj\u00e4lpa dig att interagera med dina sociala mediekonton kan webbplatsen inneh\u00e5lla inneh\u00e5ll och tj\u00e4nster fr\u00e5n tredje part (t.ex. &quot;plugins&quot; fr\u00e5n Facebook, Twitter, YouTube, Instagram, Pinterest, etc.) eller l\u00e4nkar till tredje parts webbplatser. N\u00e4r du bes\u00f6ker tredje parts l\u00e4nkar och\/eller webbplatser omfattas du av dessa tredje parters cookiepolicy. I detta fall agerar du efter egen vilja och vi tar inget ansvar f\u00f6r problem som uppst\u00e5r p\u00e5 grund av lagring av cookies p\u00e5 din enhet av tredje parts webbplats.<\/p>\n\n\n\n<p>F\u00f6ljande tredjepartsprogramvara anv\u00e4nds p\u00e5 v\u00e5ra webbplatser:<br>\u2022 Google Analytics \u2013 sp\u00e5rning av webbplatsbeteende och statistik.<br>\u2022 Google Ads \/ Bindg Ads \u2013 f\u00f6r sponsrade annonser i s\u00f6kmotorernas resultatsidor.<br>\u2022 Facebook-retargeting \u2013 sp\u00e5rning av vilka webbsidor du tittar p\u00e5 och vilka annonser du kommer att se.<br>\u2022 Instagram retargeting \u2013 sp\u00e5rning av vilka webbsidor du tittar p\u00e5 och vilka annonser du kommer att se.<\/p>\n\n\n\n<p><strong>Hur man kontrollerar cookies<\/strong><\/p>\n\n\n\n<p>De flesta webbl\u00e4sare accepterar automatiskt cookies, men erbjuder kontrollfunktioner som g\u00f6r att du kan blockera cookies eller radera dem. Du kan n\u00e4r som helst aktivera eller inaktivera installationen av cookies p\u00e5 din enhet genom att \u00e4ndra inst\u00e4llningarna i webbl\u00e4saren du anv\u00e4nder. Du kan ocks\u00e5 konfigurera webbl\u00e4saren du anv\u00e4nder s\u00e5 att den informerar dig innan en cookie installeras p\u00e5 din enhet eller f\u00f6lja instruktionerna i din webbl\u00e4sare f\u00f6r att radera cookies som redan har installerats. Om du anv\u00e4nder flera olika enheter m\u00e5ste du konfigurera webbl\u00e4sarsystemet efter dina \u00f6nskem\u00e5l p\u00e5 var och en av dina enheter.<\/p>\n\n\n\n<p>Om du v\u00e4ljer att inaktivera alla cookies kanske du inte kan utnyttja alla interaktiva funktioner p\u00e5 v\u00e5r webbplats eller ta emot v\u00e5ra tj\u00e4nster via v\u00e5r webbplats.<\/p>\n\n\n\n<p>Att ta bort cookies tar inte bort Flash-programobjekt. Du kan l\u00e4sa mer om Flash-programobjekt, inklusive hur du kontrollerar och inaktiverar dem, p\u00e5 Adobes webbplats. Du kan hitta ytterligare information om cookies och liknande tekniker som anv\u00e4nds p\u00e5 olika webbplatser via din webbl\u00e4sare eller andra internetresurser.<\/p>\n\n\n\n<p>F\u00f6r att hantera cookies via din webbl\u00e4sare, v\u00e4lj f\u00f6ljande hyperl\u00e4nkar f\u00f6r att omdirigeras till din webbl\u00e4sares instruktioner:<\/p>\n\n\n\n<p>Microsoft Windows Utforskaren<br>Mozilla Firefox<br>Google Chrome<br>Apple Safari<\/p>\n\n\n\n<p>Du kan l\u00e4sa mer om cookies p\u00e5 f\u00f6ljande tredjepartswebbplatser:<\/p>\n\n\n\n<p>Allt om kakor:&nbsp;<a href=\"https:\/\/www.allaboutcookies.org\/\" target=\"_blank\" rel=\"noreferrer noopener\">https:\/\/www.allaboutcookies.org\/<\/a><br>Cookiepedia:&nbsp;<a href=\"https:\/\/cookiepedia.co.uk\/\" target=\"_blank\" rel=\"noreferrer noopener\">https:\/\/cookiepedia.co.uk\/<\/a><\/p>\n\n\n\n<p><strong>Vilka liknande teknologier finns det?<\/strong><\/p>\n\n\n\n<p>Pixeltaggar, webbfyrar, inb\u00e4ddade skript och genomskinliga GIF-filer \u00e4r sm\u00e5 filer som anv\u00e4nds f\u00f6r att sp\u00e5ra navigering p\u00e5 en webbsida och kan anv\u00e4ndas tillsammans med cookies. Flash-objekt (lokalt delade objekt) \u00e4r sm\u00e5 filer som lagras p\u00e5 din enhet fr\u00e5n en webbsida som anv\u00e4nder Adobes Flash Player-teknik.<\/p>\n\n\n\n<p>Webbfyrar och inb\u00e4ddade skript<\/p>\n\n\n\n<p>Webbfyrar och inb\u00e4ddade skript \u00e4r andra tekniker som vi anv\u00e4nder p\u00e5 v\u00e5r webbplats, s\u00e5v\u00e4l som i vissa e-postmeddelanden och annonser.<\/p>\n\n\n\n<p>Webbfyrar (eller \u201dtaggar\u201d) \u00e4r programmeringskod som ing\u00e5r i webbsidor, e-postmeddelanden och annonser och som avsl\u00f6jar f\u00f6r oss och\/eller tredje parter som tillhandah\u00e5ller tj\u00e4nster f\u00f6r v\u00e5r r\u00e4kning n\u00e4r dessa webbsidor, e-postmeddelanden eller annonser visades eller valdes.<\/p>\n\n\n\n<p>Vi anv\u00e4nder denna information f\u00f6r att f\u00f6rb\u00e4ttra v\u00e5r webbplats, anpassa den till dina potentiella intressen och genomf\u00f6ra marknadsunders\u00f6kningar. Du kan inaktivera s\u00e5dana kodfunktioner, till exempel JavaScript, via din webbl\u00e4sare (se hj\u00e4lpfunktionen i din webbl\u00e4sare). Observera att om du inaktiverar kodfunktioner kanske webbplatsen inte fungerar korrekt.<\/p>\n\n\n\n<p><strong>Privatliv<\/strong><\/p>\n\n\n\n<p>Vi \u00e4r fast beslutna att anv\u00e4nda god integritetspraxis. F\u00f6r mer information om v\u00e5r strategi f\u00f6r integritet, v\u00e4nligen se v\u00e5r&nbsp;<a href=\"https:\/\/www.cretan-gastronomy.com\/sv\/privacy-policy\/\" data-type=\"page\" data-id=\"7397\">Integritetspolicy<\/a>.<\/p>\n\n\n\n<p>Klagom\u00e5l \/ Dataskyddsombud: Om du har n\u00e5gra fr\u00e5gor eller funderingar kring behandlingen av dina uppgifter som vi har tillg\u00e5ng till kan du skicka e-post till v\u00e5r klagom\u00e5lsombud p\u00e5:<br><br>ETHOMO Kretensisk Gastronomi,<br>50 Andrea Papandreou Amoudara, Heraklion,<br>e-post:\u00a0<a href=\"mailto:info@cretan-gastronomy.com\">info@cretan-gastronomy.com<\/a><br><br>Vi kommer att hantera dina fr\u00e5gor i enlighet med g\u00e4llande lag.<\/p>\n\n\n<p>&nbsp;<\/p>","protected":false},"excerpt":{"rendered":"<p>Cookies Policy Last Updated On 19-Dec-2024 Cookies Policy&nbsp;of ETHIMO Cretan Gastronomy RESTAURANT,50 Andrea Papandreou Amoudara, Heraklion,Crete71414,Greece,email: info@cretan-gastonomy.com,phone: +302810372700 This Cookies Policy provides information regarding the use of Cookies and Similar Technologies by the hotel\u2019s website. It also describes what kind of choices you may have regarding Cookies and Similar Technologies. This Cookie Policy is part [&hellip;]<\/p>\n","protected":false},"author":2,"featured_media":0,"parent":0,"menu_order":0,"comment_status":"closed","ping_status":"closed","template":"","meta":{"footnotes":""},"class_list":["post-7503","page","type-page","status-publish","hentry"],"_links":{"self":[{"href":"https:\/\/www.cretan-gastronomy.com\/sv\/wp-json\/wp\/v2\/pages\/7503","targetHints":{"allow":["GET"]}}],"collection":[{"href":"https:\/\/www.cretan-gastronomy.com\/sv\/wp-json\/wp\/v2\/pages"}],"about":[{"href":"https:\/\/www.cretan-gastronomy.com\/sv\/wp-json\/wp\/v2\/types\/page"}],"author":[{"embeddable":true,"href":"https:\/\/www.cretan-gastronomy.com\/sv\/wp-json\/wp\/v2\/users\/2"}],"replies":[{"embeddable":true,"href":"https:\/\/www.cretan-gastronomy.com\/sv\/wp-json\/wp\/v2\/comments?post=7503"}],"version-history":[{"count":0,"href":"https:\/\/www.cretan-gastronomy.com\/sv\/wp-json\/wp\/v2\/pages\/7503\/revisions"}],"wp:attachment":[{"href":"https:\/\/www.cretan-gastronomy.com\/sv\/wp-json\/wp\/v2\/media?parent=7503"}],"curies":[{"name":"wp","href":"https:\/\/api.w.org\/{rel}","templated":true}]}}